{"id":467,"date":"2019-11-08T16:05:24","date_gmt":"2019-11-08T15:05:24","guid":{"rendered":"https:\/\/salons.weyou-cms.com\/itsm?page_id=467"},"modified":"2022-04-21T13:31:40","modified_gmt":"2022-04-21T11:31:40","slug":"accueil","status":"publish","type":"page","link":"https:\/\/salons.weyou-cms.com\/bmc\/en","title":{"rendered":"Home"},"content":{"rendered":"<div class=\"wpb-content-wrapper\"><p>[vc_row full_width=&#8221;stretch_row_content&#8221;][vc_column]\n\t\t\t<!-- START Homepage UK REVOLUTION SLIDER 6.6.7 --><p class=\"rs-p-wp-fix\"><\/p>\n\t\t\t<rs-module-wrap id=\"rev_slider_41_1_wrapper\" data-source=\"gallery\" style=\"visibility:hidden;background:#4f4f4f;padding:0;margin:0px auto;margin-top:0;margin-bottom:0;\">\n\t\t\t\t<rs-module id=\"rev_slider_41_1\" style=\"\" data-version=\"6.6.7\">\n\t\t\t\t\t<rs-slides style=\"overflow: hidden; position: absolute;\">\n\t\t\t\t\t\t<rs-slide style=\"position: absolute;\" data-key=\"rs-41\" data-title=\"Slide\" data-anim=\"ms:300;r:0;\" data-in=\"o:0;\" data-out=\"a:false;\">\n\t\t\t\t\t\t\t<img decoding=\"async\" src=\"\/\/salons.weyou-cms.com\/bmc\/wp-content\/plugins\/revslider\/public\/assets\/assets\/dummy.png\" alt=\"IT &amp; IT - S\u00e9curity Meetings\" width=\"3406\" height=\"820\" class=\"rev-slidebg tp-rs-img rs-lazyload\" data-lazyload=\"\/\/weyoumediastaging.blob.core.windows.net\/bmc\/sites\/24\/2022\/04\/bm-fond-LINKEIDNFichier-1@3x.png\" data-bg=\"p:center bottom;\" data-no-retina>\n<!--\n\t\t\t\t\t\t\t--><rs-layer\n\t\t\t\t\t\t\t\tid=\"slider-41-slide-41-layer-5\" \n\t\t\t\t\t\t\t\tdata-type=\"text\"\n\t\t\t\t\t\t\t\tdata-color=\"#5ac8fa||#5ac8fa||#5ac8fa||#e85643\"\n\t\t\t\t\t\t\t\tdata-rsp_ch=\"on\"\n\t\t\t\t\t\t\t\tdata-xy=\"xo:111px,68px,74px,27px;y:t,t,t,b;yo:331px,400px,356px,122px;\"\n\t\t\t\t\t\t\t\tdata-text=\"w:normal;s:22,20,25,21;l:60,25,30,25;fw:700;\"\n\t\t\t\t\t\t\t\tdata-dim=\"w:600px,40%,80%,90%;\"\n\t\t\t\t\t\t\t\tdata-frame_0=\"o:1;\"\n\t\t\t\t\t\t\t\tdata-frame_999=\"o:0;st:w;sR:8700;\"\n\t\t\t\t\t\t\t\tstyle=\"z-index:11;font-family:'Roboto';\"\n\t\t\t\t\t\t\t>PALAIS DES FESTIVALS ET DES CONGR\u00c8S DE CANNES \n\t\t\t\t\t\t\t<\/rs-layer><!--\n\n\t\t\t\t\t\t\t--><rs-layer\n\t\t\t\t\t\t\t\tid=\"slider-41-slide-41-layer-6\" \n\t\t\t\t\t\t\t\tdata-type=\"text\"\n\t\t\t\t\t\t\t\tdata-color=\"#5ac8fa||#5ac8fa||#5ac8fa||#e85643\"\n\t\t\t\t\t\t\t\tdata-rsp_ch=\"on\"\n\t\t\t\t\t\t\t\tdata-xy=\"xo:109px,73px,73px,25px;y:t,t,t,b;yo:287px,326px,303px,194px;\"\n\t\t\t\t\t\t\t\tdata-text=\"w:normal;s:40,30,41,33;l:51,35,54,30;fw:700;\"\n\t\t\t\t\t\t\t\tdata-dim=\"w:829px,40%,768px,90%;\"\n\t\t\t\t\t\t\t\tdata-frame_0=\"o:1;\"\n\t\t\t\t\t\t\t\tdata-frame_999=\"o:0;st:w;sR:8700;\"\n\t\t\t\t\t\t\t\tstyle=\"z-index:10;font-family:'Open Sans';\"\n\t\t\t\t\t\t\t>NOVEMBER 21 <sup>st<\/sup> , 22 <sup>nd<\/sup> & 23<sup>rd<\/sup> 2023 \n\t\t\t\t\t\t\t<\/rs-layer><!--\n\n\t\t\t\t\t\t\t--><rs-layer\n\t\t\t\t\t\t\t\tid=\"slider-41-slide-41-layer-10\" \n\t\t\t\t\t\t\t\tdata-type=\"text\"\n\t\t\t\t\t\t\t\tdata-rsp_ch=\"on\"\n\t\t\t\t\t\t\t\tdata-xy=\"xo:112px,70px,73px,27px;yo:148px,30px,62px,20px;\"\n\t\t\t\t\t\t\t\tdata-text=\"w:normal;s:33,33,33,32;l:40,40,40,38;\"\n\t\t\t\t\t\t\t\tdata-dim=\"w:585px,40%,80%,90%;h:auto,148px,80px,149px;\"\n\t\t\t\t\t\t\t\tdata-frame_0=\"x:0,0,0,0px;y:0,0,0,0px;o:1;\"\n\t\t\t\t\t\t\t\tdata-frame_1=\"x:0,0,0,0px;y:0,0,0,0px;\"\n\t\t\t\t\t\t\t\tdata-frame_999=\"o:0;st:w;sR:8700;\"\n\t\t\t\t\t\t\t\tstyle=\"z-index:12;font-family:'Poppins';\"\n\t\t\t\t\t\t\t>THE EXHIBITION ABOUT BLOCKCHAIN (DIGITAL ASSETS, NFT, DeFi) <br>FOR PROFESSIONALS \n\t\t\t\t\t\t\t<\/rs-layer><!--\n-->\t\t\t\t\t\t<\/rs-slide>\n\t\t\t\t\t<\/rs-slides>\n\t\t\t\t\t<rs-static-layers><!--\n\t\t\t\t\t--><\/rs-static-layers>\n\t\t\t\t<\/rs-module>\n\t\t\t\t<script>\n\t\t\t\t\tsetREVStartSize({c: 'rev_slider_41_1',rl:[1240,1024,778,480],el:[600,600,600,480],gw:[1650,1024,778,480],gh:[600,600,600,480],type:'hero',justify:'',layout:'fullwidth',mh:\"450\"});if (window.RS_MODULES!==undefined && window.RS_MODULES.modules!==undefined && window.RS_MODULES.modules[\"revslider411\"]!==undefined) {window.RS_MODULES.modules[\"revslider411\"].once = false;window.revapi41 = undefined;if (window.RS_MODULES.checkMinimal!==undefined) window.RS_MODULES.checkMinimal()}\n\t\t\t\t<\/script>\n\t\t\t<\/rs-module-wrap>\n\t\t\t<!-- END REVOLUTION SLIDER -->\n[\/vc_column][\/vc_row][vc_row disable_element=&#8221;yes&#8221; css=&#8221;.vc_custom_1649059453222{margin-top: -100px !important;border-top-width: 3px !important;background-color: #ffffff !important;border-top-style: solid !important;}&#8221;][vc_column css=&#8221;.vc_custom_1635519063148{padding-top: -60px !important;}&#8221;]<div class=\"wyvc-button-wrapper wyvc-btn-center\">\r\n\t<a class=\"wyvc-button wyvc-shortcode \" href=\"https:\/\/visitor.weyou-group.com\/it-meetings\/2022\/inscription\/si\" target=\"_blank\">\r\n\t\t<span class=\"wyvc-btn-text\">BADGE REQUEST<\/span>\r\n\t<\/a>\r\n<\/div>[vc_row_inner gap=&#8221;25&#8243; disable_element=&#8221;yes&#8221; el_class=&#8221;vc_row-items-equal-height&#8221; css=&#8221;.vc_custom_1642772870247{padding-top: -30px !important;}&#8221;][vc_column_inner width=&#8221;1\/3&#8243;][vc_single_image image=&#8221;2783&#8243; alignment=&#8221;center&#8221; onclick=&#8221;custom_link&#8221; link=&#8221;https:\/\/www.youtube.com\/watch?v=F_f8JS02ooY&#8221;][vc_column_text]<\/p>\n<p style=\"text-align: center\"><strong>HOTEL &amp; RESTAURANT MEETINGS 2021 (Our participants testify)<\/strong><\/p>\n<p>[\/vc_column_text][\/vc_column_inner][vc_column_inner width=&#8221;1\/3&#8243;][vc_single_image image=&#8221;2782&#8243; alignment=&#8221;center&#8221; onclick=&#8221;custom_link&#8221; link=&#8221;https:\/\/www.youtube.com\/watch?v=HBFvybIxDog&#8221;][vc_column_text]<\/p>\n<p style=\"text-align: center\"><strong>WORKPLACE MEETINGS 2021<\/strong><\/p>\n<p>[\/vc_column_text][\/vc_column_inner][vc_column_inner width=&#8221;1\/3&#8243;][vc_single_image image=&#8221;2781&#8243; onclick=&#8221;custom_link&#8221; link=&#8221;https:\/\/youtu.be\/sGl7HFfcEF0&#8243;][vc_column_text]<\/p>\n<p class=\"title style-scope ytd-video-primary-info-renderer\" style=\"text-align: center\"><strong>IT &amp; CYBERSECURITY MEETINGS 2021<\/strong><\/p>\n<p>[\/vc_column_text][\/vc_column_inner][\/vc_row_inner][\/vc_column][\/vc_row][vc_row css=&#8221;.vc_custom_1649059477793{margin-top: -180px !important;padding-top: -50px !important;background-color: #ffffff !important;}&#8221;][vc_column]<div id=\"wyvc-section-title-2957\" class=\"wyvc-section-title wyvc-shortcode wyvc-section-title-1 \">\r\n\t<div class=\"wyvc-st-inner\">\r\n\t\t\t\t\t<div class=\"wyvc-st-title\">\r\n\t\t\t\t<p style=\"text-align: center\">The review<\/p>\n\t\t\t<\/div>\r\n\t\t\t\t\t<\/div>\r\n<\/div>\r\n<style type=\"text\/css\">#wyvc-section-title-2957.wyvc-section-title-1 .wyvc-st-title::before{content:'IT & CYBERSECURITY'}<\/style>\r\n[vc_row_inner][vc_column_inner width=&#8221;1\/3&#8243;]<div class=\"wyvc-counter wyvc-shortcode \" style=\"text-align: center\">\r\n\t<div class=\"wyvc-c-inner\">\r\n\t\t\t\t\t<div class=\"number-wrapper\">\r\n\t\t\t\t\t\t\t\t<span class=\"wyvc-c-digit\" >1300<\/span>\r\n\t\t\t\t\t\t\t<\/div>\r\n\t\t\t\t\t\t\t<p class=\"wyvc-c-title\" >\r\n\t\t\t\tPARTICIPANTS PER DAY\t\t\t<\/p>\r\n\t\t\t\t\t<\/div>\r\n<\/div>\r\n[\/vc_column_inner][vc_column_inner width=&#8221;1\/3&#8243;]<div class=\"wyvc-counter wyvc-shortcode \" style=\"text-align: center\">\r\n\t<div class=\"wyvc-c-inner\">\r\n\t\t\t\t\t<div class=\"number-wrapper\">\r\n\t\t\t\t\t\t\t\t<span class=\"wyvc-c-digit\" >6000<\/span>\r\n\t\t\t\t\t\t\t<\/div>\r\n\t\t\t\t\t\t\t<p class=\"wyvc-c-title\" >\r\n\t\t\t\tONE TO ONE MEETINGS\t\t\t<\/p>\r\n\t\t\t\t\t<\/div>\r\n<\/div>\r\n[\/vc_column_inner][vc_column_inner width=&#8221;1\/3&#8243;]<div class=\"wyvc-counter wyvc-shortcode \" style=\"text-align: center\">\r\n\t<div class=\"wyvc-c-inner\">\r\n\t\t\t\t\t<div class=\"number-wrapper\">\r\n\t\t\t\t\t\t\t\t<span class=\"wyvc-c-digit\" >160<\/span>\r\n\t\t\t\t\t\t\t<\/div>\r\n\t\t\t\t\t\t\t<p class=\"wyvc-c-title\" >\r\n\t\t\t\tEXHIBITORS STANDS\t\t\t<\/p>\r\n\t\t\t\t\t<\/div>\r\n<\/div>\r\n[\/vc_column_inner][\/vc_row_inner][\/vc_column][\/vc_row][vc_section][vc_row equal_height=&#8221;yes&#8221; content_placement=&#8221;middle&#8221;][vc_column]<div id=\"wyvc-section-title-1147\" class=\"wyvc-section-title wyvc-shortcode wyvc-section-title-1 \">\r\n\t<div class=\"wyvc-st-inner\">\r\n\t\t\t\t\t<div class=\"wyvc-st-title\">\r\n\t\t\t\t<p><strong>JOIN US\u00a0<\/strong><\/p>\n\t\t\t<\/div>\r\n\t\t\t\t\t<\/div>\r\n<\/div>\r\n<style type=\"text\/css\">#wyvc-section-title-1147.wyvc-section-title-1 .wyvc-st-title::before{content:'IT & CYBERSECURITY'}<\/style>\r\n[\/vc_column][\/vc_row][vc_row equal_height=&#8221;yes&#8221;][vc_column width=&#8221;1\/2&#8243;]<div class=\"wyvc-media-text-wrapper img-txt-btn\">\r\n\t<div class=\"wyvc-media-text wyvc-shortcode\">\r\n\t\t<div class=\"wyvc-section-title wyvc-shortcode wyvc-section-title-2\">\r\n\t<div class=\"wyvc-st-inner\">\r\n\t\t<p class=\"wyvc-st-title\">\r\n\t\t\tBECOME AN EXHIBITOR \r\n\t\t<\/p>\r\n\t<\/div>\r\n<\/div>\r\n\t<div class=\"wyvc-text\"><div class=\"wpb_text_column wpb_content_element \">\n<div class=\"wpb_wrapper\">\n<p style=\"text-align: center\"><strong>Meet the Top Decision Makers<\/strong><\/p>\n<\/div>\n<p style=\"text-align: center\">IT &amp; Cybersecurity Meetings will bring together more than <strong>1 300 participants per day<\/strong>\u00a0over two days and will be organised in such a way that all professionals meet in a targeted manner and <strong>without wasting time.<\/strong><\/p>\n<\/div>\n<\/div> \r\n<div class=\"wyvc-button-wrapper wyvc-btn-center\">\r\n\t<a class=\"wyvc-button wyvc-shortcode\" href=\"https:\/\/salons.weyou-cms.com\/itsm\/en\/exhibit\" target=\"_blank\" title=\"Exposer\">\r\n\t\t<span class=\"wyvc-btn-text\">Read more<\/span>\r\n\t<\/a>\r\n<\/div>\r\n\t<\/div>\r\n<\/div>[\/vc_column][vc_column width=&#8221;1\/2&#8243;]<div class=\"wyvc-media-text-wrapper img-txt-btn\">\r\n\t<div class=\"wyvc-media-text wyvc-shortcode\">\r\n\t\t<div class=\"wyvc-section-title wyvc-shortcode wyvc-section-title-2\">\r\n\t<div class=\"wyvc-st-inner\">\r\n\t\t<p class=\"wyvc-st-title\">\r\n\t\t\tBECOME A TOP DECISION MAKER \r\n\t\t<\/p>\r\n\t<\/div>\r\n<\/div>\r\n\t<div class=\"wyvc-text\"><div class=\"wpb_text_column wpb_content_element \">\n<div class=\"wpb_wrapper\">\n<p style=\"text-align: center\"><strong>Find the right providers<\/strong><\/p>\n<\/div>\n<p style=\"text-align: center\">IT &amp; Cybersecurity Meetings is for professionals in the <strong>network, cloud, mobility and cybersecurity industries.<\/strong> Meet the providers who have the solutions to your needs!<\/p>\n<\/div>\n<\/div> \r\n<div class=\"wyvc-button-wrapper wyvc-btn-center\">\r\n\t<a class=\"wyvc-button wyvc-shortcode\" href=\"https:\/\/salons.weyou-cms.com\/itsm\/en\/top-decideurs\" target=\"_blank\" title=\"Top D\u00e9cideurs\">\r\n\t\t<span class=\"wyvc-btn-text\">Read more<\/span>\r\n\t<\/a>\r\n<\/div>\r\n\t<\/div>\r\n<\/div>[\/vc_column][\/vc_row][\/vc_section][vc_section][vc_row][vc_column]<div id=\"wyvc-section-title-1646\" class=\"wyvc-section-title wyvc-shortcode wyvc-section-title-1 \">\r\n\t<div class=\"wyvc-st-inner\">\r\n\t\t\t\t\t<div class=\"wyvc-st-title\">\r\n\t\t\t\t<p>The concept<\/p>\n\t\t\t<\/div>\r\n\t\t\t\t\t<\/div>\r\n<\/div>\r\n<style type=\"text\/css\">#wyvc-section-title-1646.wyvc-section-title-1 .wyvc-st-title::before{content:'IT & CYBERSECURITY'}<\/style>\r\n[\/vc_column][\/vc_row][vc_row][vc_column width=&#8221;1\/4&#8243;][vc_single_image image=&#8221;2585&#8243; alignment=&#8221;center&#8221;][vc_column_text]<\/p>\n<h4 style=\"text-align: center\">Decision-makers with expressed projects<\/h4>\n<p>[\/vc_column_text][\/vc_column][vc_column width=&#8221;1\/4&#8243;][vc_single_image image=&#8221;2586&#8243; alignment=&#8221;center&#8221;][vc_column_text]<\/p>\n<h4 style=\"text-align: center\">meet experts with solutions<\/h4>\n<p>[\/vc_column_text][\/vc_column][vc_column width=&#8221;1\/4&#8243;][vc_single_image image=&#8221;2587&#8243; alignment=&#8221;center&#8221;][vc_column_text]<\/p>\n<h4 style=\"text-align: center\">during pre-organised and adapted meetings<\/h4>\n<p>[\/vc_column_text][\/vc_column][vc_column width=&#8221;1\/4&#8243;][vc_single_image image=&#8221;2588&#8243; alignment=&#8221;center&#8221;][vc_column_text]<\/p>\n<h4 style=\"text-align: center\">during three days in Cannes<\/h4>\n<p>[\/vc_column_text][\/vc_column][\/vc_row][vc_row equal_height=&#8221;yes&#8221; content_placement=&#8221;middle&#8221;][vc_column width=&#8221;1\/2&#8243; el_class=&#8221;dropcap&#8221;][vc_video link=&#8221;https:\/\/youtu.be\/sGl7HFfcEF0&#8243; align=&#8221;center&#8221;][\/vc_column][vc_column width=&#8221;1\/2&#8243;][vc_empty_space height=&#8221;20px&#8221;]<div class=\"wyvc-media-text-wrapper img-txt-btn\">\r\n\t<div class=\"wyvc-media-text wyvc-shortcode\">\r\n\t\t\t<div class=\"wyvc-text\"><div class=\"vc_row wpb_row vc_inner vc_row-fluid\">\n<div class=\"wpb_column vc_column_container vc_col-sm-12\">\n<div class=\"vc_column-inner\">\n<div class=\"wpb_wrapper\">\n<div class=\"wpb_text_column wpb_content_element \">\n<div class=\"wpb_wrapper\">\n<p style=\"text-align: center\"><strong>IT &amp; CYBERSECURITY MEETINGS<\/strong> is a <span style=\"color: #808080\"><strong>One to One meetings<\/strong><\/span> dedicated to professionals whose objective is to encourage direct &#8220;face to face&#8221; meetings between Top Decision Makers and Exhibitors through pre-organised and highly qualified meetings prior to the event in a relaxed and warm atmosphere.<\/p>\n<\/div>\n<\/div>\n<\/div>\n<\/div>\n<\/div>\n<\/div>\n<\/div> \r\n<div class=\"wyvc-button-wrapper wyvc-btn-center\">\r\n\t<a class=\"wyvc-button wyvc-shortcode\" href=\"https:\/\/salons.weyou-cms.com\/itsm\/en\/exhibition\" target=\"_blank\" title=\"Concept\">\r\n\t\t<span class=\"wyvc-btn-text\">Read more<\/span>\r\n\t<\/a>\r\n<\/div>\r\n\t<\/div>\r\n<\/div>[\/vc_column][\/vc_row][\/vc_section][vc_section][vc_row][vc_column]<div id=\"wyvc-section-title-8667\" class=\"wyvc-section-title wyvc-shortcode wyvc-section-title-1 \">\r\n\t<div class=\"wyvc-st-inner\">\r\n\t\t\t\t\t<div class=\"wyvc-st-title\">\r\n\t\t\t\t<p>PRACTICAL INFORMATION<\/p>\n\t\t\t<\/div>\r\n\t\t\t\t\t<\/div>\r\n<\/div>\r\n<style type=\"text\/css\">#wyvc-section-title-8667.wyvc-section-title-1 .wyvc-st-title::before{content:'IT & CYBERSECURITY'}<\/style>\r\n[\/vc_column][\/vc_row][vc_row][vc_column width=&#8221;1\/2&#8243;][vc_column_text]<\/p>\n<p style=\"text-align: center\"><strong>DATES <\/strong><\/p>\n<p style=\"text-align: center\"><strong>Wednesday 22nd of March 2023<\/strong>\u00a0from 08:45am to 06:30pm<br \/>\n<strong>Thursday 23rd of March 2023<\/strong>\u00a0from 08:45am to 06:30pm<\/p>\n<p style=\"text-align: center\"><strong>LIEU <\/strong><\/p>\n<p style=\"text-align: center\"><strong>Palais des Congr\u00e8s et des Festivals de Cannes &#8211; Hall Riviera<\/strong><br \/>\nLa Croisette CS 30051<br \/>\n06414 Cannes Cedex \u2013 France<\/p>\n<p>[\/vc_column_text][\/vc_column][vc_column width=&#8221;1\/2&#8243;][vc_gmaps link=&#8221;#E-8_JTNDaWZyYW1lJTIwc3JjJTNEJTIyaHR0cHMlM0ElMkYlMkZ3d3cuZ29vZ2xlLmNvbSUyRm1hcHMlMkZlbWJlZCUzRnBiJTNEJTIxMW0xNCUyMTFtOCUyMTFtMyUyMTFkMTE1NjYuNzA2NjkxMzgxNjg3JTIxMmQ3LjAxNzk2MjIlMjEzZDQzLjU1MDc4MTMlMjEzbTIlMjExaTEwMjQlMjEyaTc2OCUyMTRmMTMuMSUyMTNtMyUyMTFtMiUyMTFzMHgwJTI1M0EweGFmYjk1NDY2NGJjY2MwNzklMjEyc1BhbGFpcyUyNTIwZGVzJTI1MjBGZXN0aXZhbHMlMjE1ZTAlMjEzbTIlMjExc2VuJTIxMnNmciUyMTR2MTYwMzkxNzMxODM5NiUyMTVtMiUyMTFzZW4lMjEyc2ZyJTIyJTIwd2lkdGglM0QlMjI2MDAlMjIlMjBoZWlnaHQlM0QlMjI0NTAlMjIlMjBmcmFtZWJvcmRlciUzRCUyMjAlMjIlMjBzdHlsZSUzRCUyMmJvcmRlciUzQTAlM0IlMjIlMjBhbGxvd2Z1bGxzY3JlZW4lM0QlMjIlMjIlMjBhcmlhLWhpZGRlbiUzRCUyMmZhbHNlJTIyJTIwdGFiaW5kZXglM0QlMjIwJTIyJTNFJTNDJTJGaWZyYW1lJTNF&#8221;][\/vc_column][\/vc_row][\/vc_section]<\/p>\n<\/div>","protected":false},"excerpt":{"rendered":"<p>[vc_row full_width=&#8221;stretch_row_content&#8221;][vc_column][\/vc_column][\/vc_row][vc_row disable_element=&#8221;yes&#8221; css=&#8221;.vc_custom_1649059453222{margin-top: -100px !important;border-top-width: 3px !important;background-color: #ffffff !important;border-top-style: solid !important;}&#8221;][vc_column css=&#8221;.vc_custom_1635519063148{padding-top: -60px !important;}&#8221;][vc_row_inner gap=&#8221;25&#8243; disable_element=&#8221;yes&#8221; el_class=&#8221;vc_row-items-equal-height&#8221; css=&#8221;.vc_custom_1642772870247{padding-top: -30px !important;}&#8221;][vc_column_inner width=&#8221;1\/3&#8243;][vc_single_image image=&#8221;2783&#8243; alignment=&#8221;center&#8221; onclick=&#8221;custom_link&#8221; link=&#8221;https:\/\/www.youtube.com\/watch?v=F_f8JS02ooY&#8221;][vc_column_text] HOTEL &amp; RESTAURANT MEETINGS 2021 (Our participants testify) [\/vc_column_text][\/vc_column_inner][vc_column_inner width=&#8221;1\/3&#8243;][vc_single_image image=&#8221;2782&#8243; alignment=&#8221;center&#8221; onclick=&#8221;custom_link&#8221; link=&#8221;https:\/\/www.youtube.com\/watch?v=HBFvybIxDog&#8221;][vc_column_text] WORKPLACE MEETINGS 2021 [\/vc_column_text][\/vc_column_inner][vc_column_inner width=&#8221;1\/3&#8243;][vc_single_image image=&#8221;2781&#8243; onclick=&#8221;custom_link&#8221; link=&#8221;https:\/\/youtu.be\/sGl7HFfcEF0&#8243;][vc_column_text] IT &amp; CYBERSECURITY MEETINGS 2021 [\/vc_column_text][\/vc_column_inner][\/vc_row_inner][\/vc_column][\/vc_row][vc_row css=&#8221;.vc_custom_1649059477793{margin-top: [&hellip;]<\/p>\n","protected":false},"author":1,"featured_media":0,"parent":0,"menu_order":0,"comment_status":"closed","ping_status":"closed","template":"","meta":{"footnotes":""},"class_list":["post-467","page","type-page","status-publish","hentry"],"yoast_head":"<!-- This site is optimized with the Yoast SEO plugin v26.9 - https:\/\/yoast.com\/product\/yoast-seo-wordpress\/ -->\n<title>Blockchain Meetings Cannes \u2013 21, 22 &amp; 23 mars 2023 - Cannes<\/title>\n<meta name=\"description\" content=\"IT &amp; Cybersecurity Meetings, le salon One to One meetings des r\u00e9seaux, du cloud, de la mobilit\u00e9 et de la cybers\u00e9curit\u00e9 revient les 21, 22 &amp; 23 mars 2023 \u00e0 Cannes ! - Un \u00e9v\u00e9nement Weyou Group\" \/>\n<meta name=\"robots\" content=\"noindex, follow, max-snippet:-1, max-image-preview:large, max-video-preview:-1\" \/>\n<meta property=\"og:locale\" content=\"en_US\" \/>\n<meta property=\"og:type\" content=\"article\" \/>\n<meta property=\"og:title\" content=\"Blockchain Meetings Cannes \u2013 21, 22 &amp; 23 mars 2023 - Cannes\" \/>\n<meta property=\"og:description\" content=\"IT &amp; Cybersecurity Meetings, le salon One to One meetings des r\u00e9seaux, du cloud, de la mobilit\u00e9 et de la cybers\u00e9curit\u00e9 revient les 21, 22 &amp; 23 mars 2023 \u00e0 Cannes ! - Un \u00e9v\u00e9nement Weyou Group\" \/>\n<meta property=\"og:url\" content=\"https:\/\/salons.weyou-cms.com\/bmc\/en\" \/>\n<meta property=\"og:site_name\" content=\"Blockchain Meetings Cannes\" \/>\n<meta property=\"article:modified_time\" content=\"2022-04-21T11:31:40+00:00\" \/>\n<meta name=\"twitter:card\" content=\"summary_large_image\" \/>\n<meta name=\"twitter:label1\" content=\"Est. reading time\" \/>\n\t<meta name=\"twitter:data1\" content=\"2 minutes\" \/>\n<script type=\"application\/ld+json\" class=\"yoast-schema-graph\">{\"@context\":\"https:\/\/schema.org\",\"@graph\":[{\"@type\":\"WebPage\",\"@id\":\"https:\/\/salons.weyou-cms.com\/bmc\/en\",\"url\":\"https:\/\/salons.weyou-cms.com\/bmc\/en\",\"name\":\"Blockchain Meetings Cannes \u2013 21, 22 & 23 mars 2023 - Cannes\",\"isPartOf\":{\"@id\":\"https:\/\/blockchain-meetings-cannes.com\/#website\"},\"datePublished\":\"2019-11-08T15:05:24+00:00\",\"dateModified\":\"2022-04-21T11:31:40+00:00\",\"description\":\"IT & Cybersecurity Meetings, le salon One to One meetings des r\u00e9seaux, du cloud, de la mobilit\u00e9 et de la cybers\u00e9curit\u00e9 revient les 21, 22 & 23 mars 2023 \u00e0 Cannes ! - Un \u00e9v\u00e9nement Weyou Group\",\"inLanguage\":\"en-US\",\"potentialAction\":[{\"@type\":\"ReadAction\",\"target\":[\"https:\/\/salons.weyou-cms.com\/bmc\/en\"]}]},{\"@type\":\"WebSite\",\"@id\":\"https:\/\/blockchain-meetings-cannes.com\/#website\",\"url\":\"https:\/\/blockchain-meetings-cannes.com\/\",\"name\":\"Blockchain Meetings Cannes\",\"description\":\"\",\"publisher\":{\"@id\":\"https:\/\/blockchain-meetings-cannes.com\/#organization\"},\"potentialAction\":[{\"@type\":\"SearchAction\",\"target\":{\"@type\":\"EntryPoint\",\"urlTemplate\":\"https:\/\/blockchain-meetings-cannes.com\/?s={search_term_string}\"},\"query-input\":{\"@type\":\"PropertyValueSpecification\",\"valueRequired\":true,\"valueName\":\"search_term_string\"}}],\"inLanguage\":\"en-US\"},{\"@type\":\"Organization\",\"@id\":\"https:\/\/blockchain-meetings-cannes.com\/#organization\",\"name\":\"Blockchain Meetings Cannes\",\"url\":\"https:\/\/blockchain-meetings-cannes.com\/\",\"logo\":{\"@type\":\"ImageObject\",\"inLanguage\":\"en-US\",\"@id\":\"https:\/\/blockchain-meetings-cannes.com\/#\/schema\/logo\/image\/\",\"url\":\"https:\/\/weyoumediastaging.blob.core.windows.net\/bmc\/sites\/24\/2022\/04\/cropped-bmFichier-2.png\",\"contentUrl\":\"https:\/\/weyoumediastaging.blob.core.windows.net\/bmc\/sites\/24\/2022\/04\/cropped-bmFichier-2.png\",\"width\":577,\"height\":145,\"caption\":\"Blockchain Meetings Cannes\"},\"image\":{\"@id\":\"https:\/\/blockchain-meetings-cannes.com\/#\/schema\/logo\/image\/\"}}]}<\/script>\n<!-- \/ Yoast SEO plugin. -->","yoast_head_json":{"title":"Blockchain Meetings Cannes \u2013 21, 22 & 23 mars 2023 - Cannes","description":"IT & Cybersecurity Meetings, le salon One to One meetings des r\u00e9seaux, du cloud, de la mobilit\u00e9 et de la cybers\u00e9curit\u00e9 revient les 21, 22 & 23 mars 2023 \u00e0 Cannes ! - Un \u00e9v\u00e9nement Weyou Group","robots":{"index":"noindex","follow":"follow","max-snippet":"max-snippet:-1","max-image-preview":"max-image-preview:large","max-video-preview":"max-video-preview:-1"},"og_locale":"en_US","og_type":"article","og_title":"Blockchain Meetings Cannes \u2013 21, 22 & 23 mars 2023 - Cannes","og_description":"IT & Cybersecurity Meetings, le salon One to One meetings des r\u00e9seaux, du cloud, de la mobilit\u00e9 et de la cybers\u00e9curit\u00e9 revient les 21, 22 & 23 mars 2023 \u00e0 Cannes ! - Un \u00e9v\u00e9nement Weyou Group","og_url":"https:\/\/salons.weyou-cms.com\/bmc\/en","og_site_name":"Blockchain Meetings Cannes","article_modified_time":"2022-04-21T11:31:40+00:00","twitter_card":"summary_large_image","twitter_misc":{"Est. reading time":"2 minutes"},"schema":{"@context":"https:\/\/schema.org","@graph":[{"@type":"WebPage","@id":"https:\/\/salons.weyou-cms.com\/bmc\/en","url":"https:\/\/salons.weyou-cms.com\/bmc\/en","name":"Blockchain Meetings Cannes \u2013 21, 22 & 23 mars 2023 - Cannes","isPartOf":{"@id":"https:\/\/blockchain-meetings-cannes.com\/#website"},"datePublished":"2019-11-08T15:05:24+00:00","dateModified":"2022-04-21T11:31:40+00:00","description":"IT & Cybersecurity Meetings, le salon One to One meetings des r\u00e9seaux, du cloud, de la mobilit\u00e9 et de la cybers\u00e9curit\u00e9 revient les 21, 22 & 23 mars 2023 \u00e0 Cannes ! - Un \u00e9v\u00e9nement Weyou Group","inLanguage":"en-US","potentialAction":[{"@type":"ReadAction","target":["https:\/\/salons.weyou-cms.com\/bmc\/en"]}]},{"@type":"WebSite","@id":"https:\/\/blockchain-meetings-cannes.com\/#website","url":"https:\/\/blockchain-meetings-cannes.com\/","name":"Blockchain Meetings Cannes","description":"","publisher":{"@id":"https:\/\/blockchain-meetings-cannes.com\/#organization"},"potentialAction":[{"@type":"SearchAction","target":{"@type":"EntryPoint","urlTemplate":"https:\/\/blockchain-meetings-cannes.com\/?s={search_term_string}"},"query-input":{"@type":"PropertyValueSpecification","valueRequired":true,"valueName":"search_term_string"}}],"inLanguage":"en-US"},{"@type":"Organization","@id":"https:\/\/blockchain-meetings-cannes.com\/#organization","name":"Blockchain Meetings Cannes","url":"https:\/\/blockchain-meetings-cannes.com\/","logo":{"@type":"ImageObject","inLanguage":"en-US","@id":"https:\/\/blockchain-meetings-cannes.com\/#\/schema\/logo\/image\/","url":"https:\/\/weyoumediastaging.blob.core.windows.net\/bmc\/sites\/24\/2022\/04\/cropped-bmFichier-2.png","contentUrl":"https:\/\/weyoumediastaging.blob.core.windows.net\/bmc\/sites\/24\/2022\/04\/cropped-bmFichier-2.png","width":577,"height":145,"caption":"Blockchain Meetings Cannes"},"image":{"@id":"https:\/\/blockchain-meetings-cannes.com\/#\/schema\/logo\/image\/"}}]}},"_links":{"self":[{"href":"https:\/\/salons.weyou-cms.com\/bmc\/en\/wp-json\/wp\/v2\/pages\/467","targetHints":{"allow":["GET"]}}],"collection":[{"href":"https:\/\/salons.weyou-cms.com\/bmc\/en\/wp-json\/wp\/v2\/pages"}],"about":[{"href":"https:\/\/salons.weyou-cms.com\/bmc\/en\/wp-json\/wp\/v2\/types\/page"}],"author":[{"embeddable":true,"href":"https:\/\/salons.weyou-cms.com\/bmc\/en\/wp-json\/wp\/v2\/users\/1"}],"replies":[{"embeddable":true,"href":"https:\/\/salons.weyou-cms.com\/bmc\/en\/wp-json\/wp\/v2\/comments?post=467"}],"version-history":[{"count":1,"href":"https:\/\/salons.weyou-cms.com\/bmc\/en\/wp-json\/wp\/v2\/pages\/467\/revisions"}],"predecessor-version":[{"id":3399,"href":"https:\/\/salons.weyou-cms.com\/bmc\/en\/wp-json\/wp\/v2\/pages\/467\/revisions\/3399"}],"wp:attachment":[{"href":"https:\/\/salons.weyou-cms.com\/bmc\/en\/wp-json\/wp\/v2\/media?parent=467"}],"curies":[{"name":"wp","href":"https:\/\/api.w.org\/{rel}","templated":true}]}}