{"id":729,"date":"2020-01-29T18:44:57","date_gmt":"2020-01-29T17:44:57","guid":{"rendered":"https:\/\/salons.weyou-cms.com\/itsm\/presse"},"modified":"2022-01-18T10:26:21","modified_gmt":"2022-01-18T09:26:21","slug":"presse","status":"publish","type":"page","link":"https:\/\/salons.weyou-cms.com\/bmc\/en\/presse","title":{"rendered":"Press"},"content":{"rendered":"<div class=\"wpb-content-wrapper\"><p>[vc_row][vc_column]\n\t\t\t<!-- START Banni\u00e8re pages REVOLUTION SLIDER 6.6.7 --><p class=\"rs-p-wp-fix\"><\/p>\n\t\t\t<rs-module-wrap id=\"rev_slider_40_1_wrapper\" data-source=\"post\" style=\"visibility:hidden;background:#acacac;padding:0;margin:0px auto;margin-top:0;margin-bottom:0;\">\n\t\t\t\t<rs-module id=\"rev_slider_40_1\" style=\"\" data-version=\"6.6.7\">\n\t\t\t\t\t<rs-slides style=\"overflow: hidden; position: absolute;\">\n\t\t\t\t\t\t<rs-slide style=\"position: absolute;\" data-key=\"rs-729\" data-title=\"Press\" data-anim=\"ms:1000;r:0;\" data-in=\"o:0;\" data-out=\"a:false;\">\n\t\t\t\t\t\t\t<img decoding=\"async\" src=\"\/\/salons.weyou-cms.com\/bmc\/wp-content\/plugins\/revslider\/public\/assets\/assets\/dummy.png\" alt=\"\" title=\"ITCM_bandeau-rubriques-1920&#215;300-2022\" width=\"1920\" height=\"300\" class=\"rev-slidebg tp-rs-img rs-lazyload\" data-lazyload=\"\/\/weyoumedia.blob.core.windows.net\/itsm\/sites\/17\/2022\/04\/ITCM_bandeau-rubriques-1920x300-2022.jpg\" data-bg=\"p:40% 50%;\" data-no-retina>\n<!--\n\t\t\t\t\t\t\t--><rs-layer\n\t\t\t\t\t\t\t\tid=\"slider-40-slide-729-layer-1\" \n\t\t\t\t\t\t\t\tdata-type=\"text\"\n\t\t\t\t\t\t\t\tdata-xy=\"x:r,r,r,l;xo:974px,520px,370px,17px;y:m;yo:-2px,0,0,0;\"\n\t\t\t\t\t\t\t\tdata-text=\"w:normal;s:60,50,50,50;l:60,53,53,53;fw:500;a:center,center,center,left;\"\n\t\t\t\t\t\t\t\tdata-dim=\"w:45%,45%,50%,90%;h:auto,auto,auto,47px;\"\n\t\t\t\t\t\t\t\tdata-frame_999=\"o:0;st:w;\"\n\t\t\t\t\t\t\t\tstyle=\"z-index:8;font-family:'Roboto';text-transform:uppercase;\"\n\t\t\t\t\t\t\t><H1>Press<\/h1> \n\t\t\t\t\t\t\t<\/rs-layer><!--\n\n\t\t\t\t\t\t\t--><rs-layer\n\t\t\t\t\t\t\t\tid=\"slider-40-slide-729-layer-3\" \n\t\t\t\t\t\t\t\tdata-type=\"text\"\n\t\t\t\t\t\t\t\tdata-xy=\"x:r,r,r,l;xo:1117px,520px,370px,17px;y:m;yo:48px,43px,50px,50px;\"\n\t\t\t\t\t\t\t\tdata-text=\"w:normal;s:19,20,15,20;l:30,30,30,36;a:center,center,center,left;\"\n\t\t\t\t\t\t\t\tdata-dim=\"w:45%,45%,50%,90%;h:auto,auto,auto,39px;\"\n\t\t\t\t\t\t\t\tdata-frame_999=\"o:0;st:w;\"\n\t\t\t\t\t\t\t\tstyle=\"z-index:8;font-family:'Roboto';\"\n\t\t\t\t\t\t\t> \n\t\t\t\t\t\t\t<\/rs-layer><!--\n-->\t\t\t\t\t\t<\/rs-slide>\n\t\t\t\t\t<\/rs-slides>\n\t\t\t\t\t<rs-static-layers><!--\n\t\t\t\t\t--><\/rs-static-layers>\n\t\t\t\t<\/rs-module>\n\t\t\t\t<script>\n\t\t\t\t\tsetREVStartSize({c: 'rev_slider_40_1',rl:[1240,1024,778,480],el:[300,200,200,280],gw:[1650,1024,778,480],gh:[300,200,200,280],type:'hero',justify:'',layout:'fullwidth',mh:\"450\"});if (window.RS_MODULES!==undefined && window.RS_MODULES.modules!==undefined && window.RS_MODULES.modules[\"revslider401\"]!==undefined) {window.RS_MODULES.modules[\"revslider401\"].once = false;window.revapi40 = undefined;if (window.RS_MODULES.checkMinimal!==undefined) window.RS_MODULES.checkMinimal()}\n\t\t\t\t<\/script>\n\t\t\t<\/rs-module-wrap>\n\t\t\t<!-- END REVOLUTION SLIDER -->\n[\/vc_column][vc_column][vc_row_inner][vc_column_inner]\t<div class=\"wyvc-anchors\">\r\n\t\t\t\t\t\t<a class=\"wyvc-button wyvc-shortcode wyvc-btn-large\" href=\"#press-documents\">\r\n\t\t\t\t\t<span class=\"wyvc-btn-text\">PRESS DOCUMENTS<\/span>\r\n\t\t\t\t<\/a>\r\n\t\t\t\t\t\t\t<a class=\"wyvc-button wyvc-shortcode wyvc-btn-large\" href=\"#accreditation\">\r\n\t\t\t\t\t<span class=\"wyvc-btn-text\">PRESS ACCREDITATION<\/span>\r\n\t\t\t\t<\/a>\r\n\t\t\t\t\t\t\t<a class=\"wyvc-button wyvc-shortcode wyvc-btn-large\" href=\"#kit-media\">\r\n\t\t\t\t\t<span class=\"wyvc-btn-text\">MEDIA KIT<\/span>\r\n\t\t\t\t<\/a>\r\n\t\t\t\t<\/div>\r\n[\/vc_column_inner][\/vc_row_inner][\/vc_column][\/vc_row][vc_section][vc_row el_id=&#8221;press-documents&#8221;][vc_column]<div id=\"wyvc-section-title-2317\" class=\"wyvc-section-title wyvc-shortcode wyvc-section-title-1 \">\r\n\t<div class=\"wyvc-st-inner\">\r\n\t\t\t\t\t<div class=\"wyvc-st-title\">\r\n\t\t\t\t<p>PRESS DOCUMENTS<\/p>\n\t\t\t<\/div>\r\n\t\t\t\t\t<\/div>\r\n<\/div>\r\n<style type=\"text\/css\">#wyvc-section-title-2317.wyvc-section-title-1 .wyvc-st-title::before{content:'IT & CYBERSECURITY'}<\/style>\r\n[\/vc_column][\/vc_row][vc_row][vc_column][vc_text_separator title=&#8221;PRESS RELEASES&#8221;][vc_column_text]<strong>November 02, 2021<\/strong>\u00a0\/\/ IT &amp; IT Security Meetings becomes &#8220;It &amp; Cybersecurity Meetings&#8221; <a href=\"https:\/\/weyoumedia.blob.core.windows.net\/itsm\/sites\/17\/2021\/11\/UK_CP-IT-CYBERSECURITY-MEETINGS.pdf\">Read more<\/a>[\/vc_column_text][vc_column_text]<strong>September 10, 2019<\/strong> \/\/ Security &amp; Safety Meetings change de nom et devient \u201cSecurity\/Safety &amp; Prevention Meetings \u201d <a href=\"https:\/\/weyoumedia.blob.core.windows.net\/sesam\/sites\/16\/2020\/01\/SESAP-Prevention.pdf\">Lire la suite<\/a>[\/vc_column_text][vc_column_text]<strong>August 28, 2018<\/strong> \/\/ Les inscriptions sont ouvertes pour la 4\u00e8me \u00e9dition de Security &amp; Safety Meetings ! <a href=\"https:\/\/www.security-and-safety-meetings.com\/upload\/CP%20Security%20&amp;%20Safety%20Meetings%20du%2028-08-18.pdf\">Lire la suite<\/a>[\/vc_column_text][vc_column_text]<strong>March 26, 2018 <\/strong>\/\/ Une tr\u00e8s belle 3\u00e8me \u00e9dition r\u00e9ussie de Security &amp; Safety Meetings ! <a href=\"https:\/\/www.security-and-safety-meetings.com\/upload\/CP%20Security%20&amp;%20Safety%20Meetings%20du%2026-03-18(1).pdf\">Lire la suite<\/a>[\/vc_column_text][\/vc_column][\/vc_row][\/vc_section][vc_section][vc_row el_id=&#8221;accreditation&#8221;][vc_column]<div id=\"wyvc-section-title-8316\" class=\"wyvc-section-title wyvc-shortcode wyvc-section-title-1 \">\r\n\t<div class=\"wyvc-st-inner\">\r\n\t\t\t\t\t<p class=\"wyvc-st-title\">\r\n\t\t\t\tPRESS ACCREDITATION\t\t\t<\/p>\r\n\t\t\t\t\t<\/div>\r\n<\/div>\r\n<style type=\"text\/css\">#wyvc-section-title-8316.wyvc-section-title-1 .wyvc-st-title::before{content:'IT & CYBERSECURITY'}<\/style>\r\n[\/vc_column][\/vc_row][vc_row][vc_column width=&#8221;1\/2&#8243;][vc_single_image image=&#8221;328&#8243;][\/vc_column][vc_column width=&#8221;1\/2&#8243;][vc_text_separator title=&#8221;Press Accreditation&#8221;][vc_column_text]You are a journalist and would like to visit IT &amp; CYBERSECURITY MEETINGS. We invite you to fill in the form below to receive your press accreditation.[\/vc_column_text]<div class=\"wyvc-contact-form-wrapper\">\r\n\t<div class=\"wyvc-contact-form wyvc-shortcode\">\r\n\t\t\r\n\t\t\t<div class=\"flip-card\">\r\n\t\t\t<div class=\"flip-card-inner\">\r\n\t\t\t\t<div id=\"flip-card-front-4590\" class=\"flip-card-front\">\r\n\t\t\t\t\t<img loading=\"lazy\" decoding=\"async\" width=\"100\" height=\"90\" src=\"https:\/\/weyoumedia.blob.core.windows.net\/itsm\/sites\/17\/2020\/03\/Sans-titre-5e7205be82b0c.png\" class=\"attachment-large size-large\" alt=\"\" srcset=\"https:\/\/weyoumedia.blob.core.windows.net\/bmc\/sites\/17\/2020\/03\/Sans-titre-5e7205be82b0c.png 100w, https:\/\/weyoumedia.blob.core.windows.net\/bmc\/sites\/17\/2020\/03\/Sans-titre-5e7205be82b0c-56x50.png 56w\" sizes=\"auto, (max-width: 100px) 100vw, 100px\" \/>\t\t\t\t\t<div class=\"wyvc-button-wrapper\">\r\n\t\t\t\t\t\t<button class=\"flip-card-toggler wyvc-button\" href=\"\" onclick=\"jQuery('#flip-card-back-4590').slideDown();jQuery('#flip-card-front-4590').slideUp();return;\">PRESS BADGE<\/button>\r\n\t\t\t\t\t<\/div>\r\n\t\t\t\t<\/div>\r\n\t \r\n\t\t\r\n\t\t\t\t\r\n\t\t\t\t\t<div id=\"flip-card-back-4590\" class=\"flip-card-back\">\r\n\t\t\t\t\t<button href=\"\" onclick=\"jQuery('#flip-card-back-4590').slideUp();jQuery('#flip-card-front-4590').slideDown();return;\" class=\"close\"><\/button>\r\n\t\t\t\t\t\r\n\t\t\t\t\t\n<div class=\"wpcf7 no-js\" id=\"wpcf7-f543-o1\" lang=\"fr-FR\" dir=\"ltr\" data-wpcf7-id=\"543\">\n<div class=\"screen-reader-response\"><p role=\"status\" aria-live=\"polite\" aria-atomic=\"true\"><\/p> <ul><\/ul><\/div>\n<form action=\"\/bmc\/en\/wp-json\/wp\/v2\/pages\/729#wpcf7-f543-o1\" method=\"post\" class=\"wpcf7-form init\" aria-label=\"Formulaire de contact\" novalidate=\"novalidate\" data-status=\"init\">\n<fieldset class=\"hidden-fields-container\"><input type=\"hidden\" name=\"_wpcf7\" value=\"543\" \/><input type=\"hidden\" name=\"_wpcf7_version\" value=\"6.1.5\" \/><input type=\"hidden\" name=\"_wpcf7_locale\" value=\"fr_FR\" \/><input type=\"hidden\" name=\"_wpcf7_unit_tag\" value=\"wpcf7-f543-o1\" \/><input type=\"hidden\" name=\"_wpcf7_container_post\" value=\"0\" \/><input type=\"hidden\" name=\"_wpcf7_posted_data_hash\" value=\"\" \/><input type=\"hidden\" name=\"_wpcf7_recaptcha_response\" value=\"\" \/>\n<\/fieldset>\n[vc_row]\n    [vc_column width=\"1\/3\"]<span class=\"wpcf7-form-control-wrap\" data-name=\"firstname\"><input size=\"40\" maxlength=\"400\" class=\"wpcf7-form-control wpcf7-text wpcf7-validates-as-required\" aria-required=\"true\" aria-invalid=\"false\" placeholder=\"First name *\" value=\"\" type=\"text\" name=\"firstname\" \/><\/span>[\/vc_column]\n    [vc_column width=\"1\/3\"]<span class=\"wpcf7-form-control-wrap\" data-name=\"lastname\"><input size=\"40\" maxlength=\"400\" class=\"wpcf7-form-control wpcf7-text wpcf7-validates-as-required\" aria-required=\"true\" aria-invalid=\"false\" placeholder=\"Name *\" value=\"\" type=\"text\" name=\"lastname\" \/><\/span>[\/vc_column]\n    [vc_column width=\"1\/3\"]<span class=\"wpcf7-form-control-wrap\" data-name=\"company\"><input size=\"40\" maxlength=\"400\" class=\"wpcf7-form-control wpcf7-text wpcf7-validates-as-required\" aria-required=\"true\" aria-invalid=\"false\" placeholder=\"Company *\" value=\"\" type=\"text\" name=\"company\" \/><\/span>[\/vc_column]\n[\/vc_row]\n[vc_row]\n    [vc_column width=\"1\/3\"]<span class=\"wpcf7-form-control-wrap\" data-name=\"function\"><input size=\"40\" maxlength=\"400\" class=\"wpcf7-form-control wpcf7-text wpcf7-validates-as-required\" aria-required=\"true\" aria-invalid=\"false\" placeholder=\"Fonction *\" value=\"\" type=\"text\" name=\"function\" \/><\/span>[\/vc_column]\n    [vc_column width=\"1\/3\"]<span class=\"wpcf7-form-control-wrap\" data-name=\"email\"><input size=\"40\" maxlength=\"400\" class=\"wpcf7-form-control wpcf7-email wpcf7-validates-as-required wpcf7-text wpcf7-validates-as-email\" aria-required=\"true\" aria-invalid=\"false\" placeholder=\"Email *\" value=\"\" type=\"email\" name=\"email\" \/><\/span>[\/vc_column]\n    [vc_column width=\"1\/3\"]<span class=\"wpcf7-form-control-wrap\" data-name=\"tel\"><input size=\"40\" maxlength=\"400\" class=\"wpcf7-form-control wpcf7-tel wpcf7-validates-as-required wpcf7-text wpcf7-validates-as-tel\" aria-required=\"true\" aria-invalid=\"false\" placeholder=\"Phone Number*\" value=\"\" type=\"tel\" name=\"tel\" \/><\/span>[\/vc_column]\n[\/vc_row]\n[vc_row]\n    [vc_column]<span class=\"wpcf7-form-control-wrap\" data-name=\"request\"><textarea cols=\"40\" rows=\"4\" maxlength=\"2000\" class=\"wpcf7-form-control wpcf7-textarea wpcf7-validates-as-required\" aria-required=\"true\" aria-invalid=\"false\" placeholder=\"Your request?\" name=\"request\"><\/textarea><\/span>[\/vc_column]\n[\/vc_row]\n[vc_row]\n    [vc_column]<span class=\"wpcf7-form-control-wrap\" data-name=\"acceptance\"><span class=\"wpcf7-form-control wpcf7-acceptance\"><span class=\"wpcf7-list-item\"><label><input type=\"checkbox\" name=\"acceptance\" value=\"1\" aria-invalid=\"false\" \/><span class=\"wpcf7-list-item-label\">The information collected is processed by Weyou Group in order to respond to your request. You are also likely to receive, unless you oppose it en&nbsp;<a href=\"https:\/\/connect.weyou-group.com\/communications\/\" target=\"_top\">clicking here&nbsp;<\/a>information concerning our other trade shows and\/or to benefit, through Weyou Group, from those of partners selected according to your professional interests. You benefit from a right of access, rectification, and deletion that you can exercise at any time at the following address: dpo@weyou-group.com. For more information on your rights,&nbsp;<a href=\"https:\/\/www.weyou-group.com\/mentions-legales\/\" target=\"_top\">click here<\/a>.<\/span><\/label><\/span><\/span><\/span>[\/vc_column]\n[\/vc_row]\n[vc_row]\n    [vc_column]<input class=\"wpcf7-form-control wpcf7-submit has-spinner\" type=\"submit\" value=\"Send\" \/>[\/vc_column]\n[\/vc_row]\n<input class=\"wpcf7-form-control wpcf7-hidden\" value=\"\" type=\"hidden\" name=\"sourcexp\" \/><div class=\"wpcf7-response-output\" aria-hidden=\"true\"><\/div>\n<\/form>\n<\/div>\n\t\t\t\t\r\n\t\t\t\t\t<\/div>\r\n\t\t\t\t\t\r\n\t\t\r\n\t\t\t\t<\/div>\r\n\t\t<\/div>\r\n\t\t\t\r\n\t<\/div>\r\n<\/div>[\/vc_column][\/vc_row][\/vc_section][vc_section el_id=&#8221;kit-media&#8221;][vc_row][vc_column]<div id=\"wyvc-section-title-7543\" class=\"wyvc-section-title wyvc-shortcode wyvc-section-title-1 \">\r\n\t<div class=\"wyvc-st-inner\">\r\n\t\t\t\t\t<p class=\"wyvc-st-title\">\r\n\t\t\t\tMEDIA Kit\t\t\t<\/p>\r\n\t\t\t\t\t<\/div>\r\n<\/div>\r\n<style type=\"text\/css\">#wyvc-section-title-7543.wyvc-section-title-1 .wyvc-st-title::before{content:'IT & CYBERSECURITY'}<\/style>\r\n[\/vc_column][\/vc_row][vc_row][vc_column width=&#8221;1\/2&#8243;][vc_single_image image=&#8221;3038&#8243;][vc_single_image image=&#8221;3041&#8243;][\/vc_column][vc_column width=&#8221;1\/2&#8243;]<div class=\"wyvc-media-text-wrapper img-txt-btn\">\r\n\t<div class=\"wyvc-media-text wyvc-shortcode\">\r\n\t\t<div class=\"wyvc-section-title wyvc-shortcode wyvc-section-title-2\">\r\n\t<div class=\"wyvc-st-inner\">\r\n\t\t<p class=\"wyvc-st-title\">\r\n\t\t\tGain more visibility \r\n\t\t<\/p>\r\n\t<\/div>\r\n<\/div>\r\n\t<div class=\"wyvc-text\"><p style=\"text-align: left\">If you wish to get all the banners of the IT &amp; CYBERSECURITY MEETINGS exhibition, download the Media Kit.<\/p>\n<\/div> \r\n<div class=\"wyvc-button-wrapper wyvc-btn-center\">\r\n\t<a class=\"wyvc-button wyvc-shortcode\" href=\"https:\/\/salons.weyou-cms.com\/itsm\/en\/media-kit\" title=\"Kit media\">\r\n\t\t<span class=\"wyvc-btn-text\">Access to the MEDIA Kit<\/span>\r\n\t<\/a>\r\n<\/div>\r\n\t<\/div>\r\n<\/div>[\/vc_column][\/vc_row][\/vc_section]<\/p>\n<\/div>","protected":false},"excerpt":{"rendered":"<p>[vc_row][vc_column][\/vc_column][vc_column][vc_row_inner][vc_column_inner][\/vc_column_inner][\/vc_row_inner][\/vc_column][\/vc_row][vc_section][vc_row el_id=&#8221;press-documents&#8221;][vc_column][\/vc_column][\/vc_row][vc_row][vc_column][vc_text_separator title=&#8221;PRESS RELEASES&#8221;][vc_column_text]November 02, 2021\u00a0\/\/ IT &amp; IT Security Meetings becomes &#8220;It &amp; Cybersecurity Meetings&#8221; Read more[\/vc_column_text][vc_column_text]September 10, 2019 \/\/ Security &amp; Safety Meetings change de nom et devient \u201cSecurity\/Safety &amp; Prevention Meetings \u201d Lire la suite[\/vc_column_text][vc_column_text]August 28, 2018 \/\/ Les inscriptions sont ouvertes pour la 4\u00e8me \u00e9dition de Security &amp; Safety Meetings ! [&hellip;]<\/p>\n","protected":false},"author":14,"featured_media":0,"parent":0,"menu_order":0,"comment_status":"closed","ping_status":"closed","template":"","meta":{"footnotes":""},"class_list":["post-729","page","type-page","status-publish","hentry"],"yoast_head":"<!-- This site is optimized with the Yoast SEO plugin v26.9 - https:\/\/yoast.com\/product\/yoast-seo-wordpress\/ -->\n<title>Press - Blockchain Meetings Cannes<\/title>\n<meta name=\"robots\" content=\"noindex, follow, max-snippet:-1, max-image-preview:large, max-video-preview:-1\" \/>\n<meta property=\"og:locale\" content=\"en_US\" \/>\n<meta property=\"og:type\" content=\"article\" \/>\n<meta property=\"og:title\" content=\"Press - Blockchain Meetings Cannes\" \/>\n<meta property=\"og:description\" content=\"[vc_row][vc_column][\/vc_column][vc_column][vc_row_inner][vc_column_inner][\/vc_column_inner][\/vc_row_inner][\/vc_column][\/vc_row][vc_section][vc_row el_id=&#8221;press-documents&#8221;][vc_column][\/vc_column][\/vc_row][vc_row][vc_column][vc_text_separator title=&#8221;PRESS RELEASES&#8221;][vc_column_text]November 02, 2021\u00a0\/\/ IT &amp; IT Security Meetings becomes &#8220;It &amp; Cybersecurity Meetings&#8221; Read more[\/vc_column_text][vc_column_text]September 10, 2019 \/\/ Security &amp; Safety Meetings change de nom et devient \u201cSecurity\/Safety &amp; Prevention Meetings \u201d Lire la suite[\/vc_column_text][vc_column_text]August 28, 2018 \/\/ Les inscriptions sont ouvertes pour la 4\u00e8me \u00e9dition de Security &amp; Safety Meetings ! [&hellip;]\" \/>\n<meta property=\"og:url\" content=\"https:\/\/salons.weyou-cms.com\/bmc\/en\/presse\" \/>\n<meta property=\"og:site_name\" content=\"Blockchain Meetings Cannes\" \/>\n<meta property=\"article:modified_time\" content=\"2022-01-18T09:26:21+00:00\" \/>\n<meta name=\"twitter:card\" content=\"summary_large_image\" \/>\n<meta name=\"twitter:label1\" content=\"Est. reading time\" \/>\n\t<meta name=\"twitter:data1\" content=\"1 minute\" \/>\n<script type=\"application\/ld+json\" class=\"yoast-schema-graph\">{\"@context\":\"https:\/\/schema.org\",\"@graph\":[{\"@type\":\"WebPage\",\"@id\":\"https:\/\/salons.weyou-cms.com\/bmc\/en\/presse\",\"url\":\"https:\/\/salons.weyou-cms.com\/bmc\/en\/presse\",\"name\":\"Press - Blockchain Meetings Cannes\",\"isPartOf\":{\"@id\":\"https:\/\/blockchain-meetings-cannes.com\/#website\"},\"datePublished\":\"2020-01-29T17:44:57+00:00\",\"dateModified\":\"2022-01-18T09:26:21+00:00\",\"inLanguage\":\"en-US\",\"potentialAction\":[{\"@type\":\"ReadAction\",\"target\":[\"https:\/\/salons.weyou-cms.com\/bmc\/en\/presse\"]}]},{\"@type\":\"WebSite\",\"@id\":\"https:\/\/blockchain-meetings-cannes.com\/#website\",\"url\":\"https:\/\/blockchain-meetings-cannes.com\/\",\"name\":\"Blockchain Meetings Cannes\",\"description\":\"\",\"publisher\":{\"@id\":\"https:\/\/blockchain-meetings-cannes.com\/#organization\"},\"potentialAction\":[{\"@type\":\"SearchAction\",\"target\":{\"@type\":\"EntryPoint\",\"urlTemplate\":\"https:\/\/blockchain-meetings-cannes.com\/?s={search_term_string}\"},\"query-input\":{\"@type\":\"PropertyValueSpecification\",\"valueRequired\":true,\"valueName\":\"search_term_string\"}}],\"inLanguage\":\"en-US\"},{\"@type\":\"Organization\",\"@id\":\"https:\/\/blockchain-meetings-cannes.com\/#organization\",\"name\":\"Blockchain Meetings Cannes\",\"url\":\"https:\/\/blockchain-meetings-cannes.com\/\",\"logo\":{\"@type\":\"ImageObject\",\"inLanguage\":\"en-US\",\"@id\":\"https:\/\/blockchain-meetings-cannes.com\/#\/schema\/logo\/image\/\",\"url\":\"https:\/\/weyoumediastaging.blob.core.windows.net\/bmc\/sites\/24\/2022\/04\/cropped-bmFichier-2.png\",\"contentUrl\":\"https:\/\/weyoumediastaging.blob.core.windows.net\/bmc\/sites\/24\/2022\/04\/cropped-bmFichier-2.png\",\"width\":577,\"height\":145,\"caption\":\"Blockchain Meetings Cannes\"},\"image\":{\"@id\":\"https:\/\/blockchain-meetings-cannes.com\/#\/schema\/logo\/image\/\"}}]}<\/script>\n<!-- \/ Yoast SEO plugin. -->","yoast_head_json":{"title":"Press - Blockchain Meetings Cannes","robots":{"index":"noindex","follow":"follow","max-snippet":"max-snippet:-1","max-image-preview":"max-image-preview:large","max-video-preview":"max-video-preview:-1"},"og_locale":"en_US","og_type":"article","og_title":"Press - Blockchain Meetings Cannes","og_description":"[vc_row][vc_column][\/vc_column][vc_column][vc_row_inner][vc_column_inner][\/vc_column_inner][\/vc_row_inner][\/vc_column][\/vc_row][vc_section][vc_row el_id=&#8221;press-documents&#8221;][vc_column][\/vc_column][\/vc_row][vc_row][vc_column][vc_text_separator title=&#8221;PRESS RELEASES&#8221;][vc_column_text]November 02, 2021\u00a0\/\/ IT &amp; IT Security Meetings becomes &#8220;It &amp; Cybersecurity Meetings&#8221; Read more[\/vc_column_text][vc_column_text]September 10, 2019 \/\/ Security &amp; Safety Meetings change de nom et devient \u201cSecurity\/Safety &amp; Prevention Meetings \u201d Lire la suite[\/vc_column_text][vc_column_text]August 28, 2018 \/\/ Les inscriptions sont ouvertes pour la 4\u00e8me \u00e9dition de Security &amp; Safety Meetings ! [&hellip;]","og_url":"https:\/\/salons.weyou-cms.com\/bmc\/en\/presse","og_site_name":"Blockchain Meetings Cannes","article_modified_time":"2022-01-18T09:26:21+00:00","twitter_card":"summary_large_image","twitter_misc":{"Est. reading time":"1 minute"},"schema":{"@context":"https:\/\/schema.org","@graph":[{"@type":"WebPage","@id":"https:\/\/salons.weyou-cms.com\/bmc\/en\/presse","url":"https:\/\/salons.weyou-cms.com\/bmc\/en\/presse","name":"Press - Blockchain Meetings Cannes","isPartOf":{"@id":"https:\/\/blockchain-meetings-cannes.com\/#website"},"datePublished":"2020-01-29T17:44:57+00:00","dateModified":"2022-01-18T09:26:21+00:00","inLanguage":"en-US","potentialAction":[{"@type":"ReadAction","target":["https:\/\/salons.weyou-cms.com\/bmc\/en\/presse"]}]},{"@type":"WebSite","@id":"https:\/\/blockchain-meetings-cannes.com\/#website","url":"https:\/\/blockchain-meetings-cannes.com\/","name":"Blockchain Meetings Cannes","description":"","publisher":{"@id":"https:\/\/blockchain-meetings-cannes.com\/#organization"},"potentialAction":[{"@type":"SearchAction","target":{"@type":"EntryPoint","urlTemplate":"https:\/\/blockchain-meetings-cannes.com\/?s={search_term_string}"},"query-input":{"@type":"PropertyValueSpecification","valueRequired":true,"valueName":"search_term_string"}}],"inLanguage":"en-US"},{"@type":"Organization","@id":"https:\/\/blockchain-meetings-cannes.com\/#organization","name":"Blockchain Meetings Cannes","url":"https:\/\/blockchain-meetings-cannes.com\/","logo":{"@type":"ImageObject","inLanguage":"en-US","@id":"https:\/\/blockchain-meetings-cannes.com\/#\/schema\/logo\/image\/","url":"https:\/\/weyoumediastaging.blob.core.windows.net\/bmc\/sites\/24\/2022\/04\/cropped-bmFichier-2.png","contentUrl":"https:\/\/weyoumediastaging.blob.core.windows.net\/bmc\/sites\/24\/2022\/04\/cropped-bmFichier-2.png","width":577,"height":145,"caption":"Blockchain Meetings Cannes"},"image":{"@id":"https:\/\/blockchain-meetings-cannes.com\/#\/schema\/logo\/image\/"}}]}},"_links":{"self":[{"href":"https:\/\/salons.weyou-cms.com\/bmc\/en\/wp-json\/wp\/v2\/pages\/729","targetHints":{"allow":["GET"]}}],"collection":[{"href":"https:\/\/salons.weyou-cms.com\/bmc\/en\/wp-json\/wp\/v2\/pages"}],"about":[{"href":"https:\/\/salons.weyou-cms.com\/bmc\/en\/wp-json\/wp\/v2\/types\/page"}],"author":[{"embeddable":true,"href":"https:\/\/salons.weyou-cms.com\/bmc\/en\/wp-json\/wp\/v2\/users\/14"}],"replies":[{"embeddable":true,"href":"https:\/\/salons.weyou-cms.com\/bmc\/en\/wp-json\/wp\/v2\/comments?post=729"}],"version-history":[{"count":0,"href":"https:\/\/salons.weyou-cms.com\/bmc\/en\/wp-json\/wp\/v2\/pages\/729\/revisions"}],"wp:attachment":[{"href":"https:\/\/salons.weyou-cms.com\/bmc\/en\/wp-json\/wp\/v2\/media?parent=729"}],"curies":[{"name":"wp","href":"https:\/\/api.w.org\/{rel}","templated":true}]}}