{"id":2,"date":"2019-11-08T16:05:24","date_gmt":"2019-11-08T15:05:24","guid":{"rendered":"https:\/\/salons.weyou-cms.com\/itsm\/?page_id=2"},"modified":"2022-04-21T16:27:12","modified_gmt":"2022-04-21T14:27:12","slug":"accueil","status":"publish","type":"page","link":"https:\/\/salons.weyou-cms.com\/bmc","title":{"rendered":"Accueil"},"content":{"rendered":"<div class=\"wpb-content-wrapper\"><p>[vc_row full_width=\u00a0\u00bbstretch_row_content\u00a0\u00bb][vc_column]\n\t\t\t<!-- START Homepage UK REVOLUTION SLIDER 6.6.7 --><p class=\"rs-p-wp-fix\"><\/p>\n\t\t\t<rs-module-wrap id=\"rev_slider_41_1_wrapper\" data-source=\"gallery\" style=\"visibility:hidden;background:#4f4f4f;padding:0;margin:0px auto;margin-top:0;margin-bottom:0;\">\n\t\t\t\t<rs-module id=\"rev_slider_41_1\" style=\"\" data-version=\"6.6.7\">\n\t\t\t\t\t<rs-slides style=\"overflow: hidden; position: absolute;\">\n\t\t\t\t\t\t<rs-slide style=\"position: absolute;\" data-key=\"rs-41\" data-title=\"Slide\" data-anim=\"ms:300;r:0;\" data-in=\"o:0;\" data-out=\"a:false;\">\n\t\t\t\t\t\t\t<img decoding=\"async\" src=\"\/\/salons.weyou-cms.com\/bmc\/wp-content\/plugins\/revslider\/public\/assets\/assets\/dummy.png\" alt=\"IT &amp; IT - S\u00e9curity Meetings\" width=\"3406\" height=\"820\" class=\"rev-slidebg tp-rs-img rs-lazyload\" data-lazyload=\"\/\/weyoumediastaging.blob.core.windows.net\/bmc\/sites\/24\/2022\/04\/bm-fond-LINKEIDNFichier-1@3x.png\" data-bg=\"p:center bottom;\" data-no-retina>\n<!--\n\t\t\t\t\t\t\t--><rs-layer\n\t\t\t\t\t\t\t\tid=\"slider-41-slide-41-layer-5\" \n\t\t\t\t\t\t\t\tdata-type=\"text\"\n\t\t\t\t\t\t\t\tdata-color=\"#5ac8fa||#5ac8fa||#5ac8fa||#e85643\"\n\t\t\t\t\t\t\t\tdata-rsp_ch=\"on\"\n\t\t\t\t\t\t\t\tdata-xy=\"xo:111px,68px,74px,27px;y:t,t,t,b;yo:331px,400px,356px,122px;\"\n\t\t\t\t\t\t\t\tdata-text=\"w:normal;s:22,20,25,21;l:60,25,30,25;fw:700;\"\n\t\t\t\t\t\t\t\tdata-dim=\"w:600px,40%,80%,90%;\"\n\t\t\t\t\t\t\t\tdata-frame_0=\"o:1;\"\n\t\t\t\t\t\t\t\tdata-frame_999=\"o:0;st:w;sR:8700;\"\n\t\t\t\t\t\t\t\tstyle=\"z-index:11;font-family:'Roboto';\"\n\t\t\t\t\t\t\t>PALAIS DES FESTIVALS ET DES CONGR\u00c8S DE CANNES \n\t\t\t\t\t\t\t<\/rs-layer><!--\n\n\t\t\t\t\t\t\t--><rs-layer\n\t\t\t\t\t\t\t\tid=\"slider-41-slide-41-layer-6\" \n\t\t\t\t\t\t\t\tdata-type=\"text\"\n\t\t\t\t\t\t\t\tdata-color=\"#5ac8fa||#5ac8fa||#5ac8fa||#e85643\"\n\t\t\t\t\t\t\t\tdata-rsp_ch=\"on\"\n\t\t\t\t\t\t\t\tdata-xy=\"xo:109px,73px,73px,25px;y:t,t,t,b;yo:287px,326px,303px,194px;\"\n\t\t\t\t\t\t\t\tdata-text=\"w:normal;s:40,30,41,33;l:51,35,54,30;fw:700;\"\n\t\t\t\t\t\t\t\tdata-dim=\"w:829px,40%,768px,90%;\"\n\t\t\t\t\t\t\t\tdata-frame_0=\"o:1;\"\n\t\t\t\t\t\t\t\tdata-frame_999=\"o:0;st:w;sR:8700;\"\n\t\t\t\t\t\t\t\tstyle=\"z-index:10;font-family:'Open Sans';\"\n\t\t\t\t\t\t\t>NOVEMBER 21 <sup>st<\/sup> , 22 <sup>nd<\/sup> & 23<sup>rd<\/sup> 2023 \n\t\t\t\t\t\t\t<\/rs-layer><!--\n\n\t\t\t\t\t\t\t--><rs-layer\n\t\t\t\t\t\t\t\tid=\"slider-41-slide-41-layer-10\" \n\t\t\t\t\t\t\t\tdata-type=\"text\"\n\t\t\t\t\t\t\t\tdata-rsp_ch=\"on\"\n\t\t\t\t\t\t\t\tdata-xy=\"xo:112px,70px,73px,27px;yo:148px,30px,62px,20px;\"\n\t\t\t\t\t\t\t\tdata-text=\"w:normal;s:33,33,33,32;l:40,40,40,38;\"\n\t\t\t\t\t\t\t\tdata-dim=\"w:585px,40%,80%,90%;h:auto,148px,80px,149px;\"\n\t\t\t\t\t\t\t\tdata-frame_0=\"x:0,0,0,0px;y:0,0,0,0px;o:1;\"\n\t\t\t\t\t\t\t\tdata-frame_1=\"x:0,0,0,0px;y:0,0,0,0px;\"\n\t\t\t\t\t\t\t\tdata-frame_999=\"o:0;st:w;sR:8700;\"\n\t\t\t\t\t\t\t\tstyle=\"z-index:12;font-family:'Poppins';\"\n\t\t\t\t\t\t\t>THE EXHIBITION ABOUT BLOCKCHAIN (DIGITAL ASSETS, NFT, DeFi) <br>FOR PROFESSIONALS \n\t\t\t\t\t\t\t<\/rs-layer><!--\n-->\t\t\t\t\t\t<\/rs-slide>\n\t\t\t\t\t<\/rs-slides>\n\t\t\t\t\t<rs-static-layers><!--\n\t\t\t\t\t--><\/rs-static-layers>\n\t\t\t\t<\/rs-module>\n\t\t\t\t<script>\n\t\t\t\t\tsetREVStartSize({c: 'rev_slider_41_1',rl:[1240,1024,778,480],el:[600,600,600,480],gw:[1650,1024,778,480],gh:[600,600,600,480],type:'hero',justify:'',layout:'fullwidth',mh:\"450\"});if (window.RS_MODULES!==undefined && window.RS_MODULES.modules!==undefined && window.RS_MODULES.modules[\"revslider411\"]!==undefined) {window.RS_MODULES.modules[\"revslider411\"].once = false;window.revapi41 = undefined;if (window.RS_MODULES.checkMinimal!==undefined) window.RS_MODULES.checkMinimal()}\n\t\t\t\t<\/script>\n\t\t\t<\/rs-module-wrap>\n\t\t\t<!-- END REVOLUTION SLIDER -->\n[\/vc_column][\/vc_row][vc_row css=\u00a0\u00bb.vc_custom_1649059384213{margin-top: -180px !important;padding-top: -50px !important;background-color: #ffffff !important;}\u00a0\u00bb][vc_column]<div id=\"wyvc-section-title-9816\" class=\"wyvc-section-title wyvc-shortcode wyvc-section-title-2 \">\r\n\t<div class=\"wyvc-st-inner\">\r\n\t\t\t\t\t<div class=\"wyvc-st-title\">\r\n\t\t\t\t<p style=\"text-align: center\">PRESS RELEASE<\/p>\n\t\t\t<\/div>\r\n\t\t\t\t\t<\/div>\r\n<\/div>\r\n[vc_column_text]?????\u00a0?????,\u00a0??\u00a0???????????\u00a0????\u00a0???\u00a0<a href=\"https:\/\/www.linkedin.com\/company\/palais-des-festivals-et-des-congres-de-cannes\/\" target=\"_blank\" rel=\"noopener\" data-saferedirecturl=\"https:\/\/www.google.com\/url?q=https:\/\/www.linkedin.com\/company\/palais-des-festivals-et-des-congres-de-cannes\/&amp;source=gmail&amp;ust=1650630775054000&amp;usg=AOvVaw0DEQc29qcBmc4NQvKgESqP\">Palais des Festivals et des Congr\u00e8s de Cannes<\/a>, launches \u00a0\u00bb\u00a0<a href=\"https:\/\/www.linkedin.com\/company\/blockchain-meetings-cannes\/\" target=\"_blank\" rel=\"noopener\" data-saferedirecturl=\"https:\/\/www.google.com\/url?q=https:\/\/www.linkedin.com\/company\/blockchain-meetings-cannes\/&amp;source=gmail&amp;ust=1650630775054000&amp;usg=AOvVaw3eMRqugGM-t7JI62wXhL1k\">Blockchain Meetings Cannes<\/a>\u00a0\u00a0\u00bb the trade show on blockchain (cryptocurrencies, NFT, DeFi) on November 21st, 22nd and 23rd, 2023 at the Palais des Festivals et des Congr\u00e8s of Cannes.<\/p>\n<p>This new event will offer an extensive programme of keynotes and workshops led by internationally renowned experts, pre-organised and targeted \u00ab\u00a0One to One\u00a0\u00bb meetings, networking cocktails.<\/p>\n<p>With the creation of Blockchain Meetings Cannes, Weyou Group provides you with an opportunity to enter a world of countless possibilities for all sectors &#8211; blockchain for businesses, cryptocurrencies, NFT, DeFi etc. &#8211; in order to better understand the stakes of blockchain, whatever the sector.<\/p>\n<p>WEYOU GROUP is the leader in the organisation of intermediate BtoB professional exhibitions in France and also the creator of the concept of Event Meetings in Cannes.[\/vc_column_text][\/vc_column][\/vc_row][vc_section][vc_row equal_height=\u00a0\u00bbyes\u00a0\u00bb content_placement=\u00a0\u00bbmiddle\u00a0\u00bb][vc_column]<div id=\"wyvc-section-title-1597\" class=\"wyvc-section-title wyvc-shortcode wyvc-section-title-1 \">\r\n\t<div class=\"wyvc-st-inner\">\r\n\t\t\t\t\t<p class=\"wyvc-st-title\">\r\n\t\t\t\tNous rejoindre\t\t\t<\/p>\r\n\t\t\t\t\t<\/div>\r\n<\/div>\r\n<style type=\"text\/css\">#wyvc-section-title-1597.wyvc-section-title-1 .wyvc-st-title::before{content:'IT & CYBERSECURITY'}<\/style>\r\n[\/vc_column][\/vc_row][vc_row equal_height=\u00a0\u00bbyes\u00a0\u00bb][vc_column width=\u00a0\u00bb1\/2&Prime;]<div class=\"wyvc-media-text-wrapper img-txt-btn\">\r\n\t<div class=\"wyvc-media-text wyvc-shortcode\">\r\n\t\t<div class=\"wyvc-section-title wyvc-shortcode wyvc-section-title-2\">\r\n\t<div class=\"wyvc-st-inner\">\r\n\t\t<p class=\"wyvc-st-title\">\r\n\t\t\tDevenir exposant \r\n\t\t<\/p>\r\n\t<\/div>\r\n<\/div>\r\n\t<div class=\"wyvc-text\"><div class=\"wpb_text_column wpb_content_element \">\n<div class=\"wpb_wrapper\">\n<h4 style=\"text-align: center\">Rencontrez les Top D\u00e9cideurs<\/h4>\n<p style=\"text-align: center\">IT &amp; Cybersecurity Meetings r\u00e9unira pendant deux jours plus de<strong> 1300 participants par jour<\/strong>\u00a0sera organis\u00e9 de fa\u00e7on \u00e0 ce que tous les professionnels se rencontrent de mani\u00e8re cibl\u00e9e et <strong>sans perdre de temps.<\/strong><\/p>\n<\/div>\n<\/div>\n<\/div> \r\n<div class=\"wyvc-button-wrapper wyvc-btn-center\">\r\n\t<a class=\"wyvc-button wyvc-shortcode\" href=\"https:\/\/salons.weyou-cms.com\/itsm\/exposer\" title=\"Exposer\">\r\n\t\t<span class=\"wyvc-btn-text\">En savoir +<\/span>\r\n\t<\/a>\r\n<\/div>\r\n\t<\/div>\r\n<\/div>[\/vc_column][vc_column width=\u00a0\u00bb1\/2&Prime;]<div class=\"wyvc-media-text-wrapper img-txt-btn\">\r\n\t<div class=\"wyvc-media-text wyvc-shortcode\">\r\n\t\t<div class=\"wyvc-section-title wyvc-shortcode wyvc-section-title-2\">\r\n\t<div class=\"wyvc-st-inner\">\r\n\t\t<p class=\"wyvc-st-title\">\r\n\t\t\tDevenir Top D\u00e9cideur \r\n\t\t<\/p>\r\n\t<\/div>\r\n<\/div>\r\n\t<div class=\"wyvc-text\"><div class=\"wpb_text_column wpb_content_element \">\n<div class=\"wpb_wrapper\">\n<h4 style=\"text-align: center\">Trouvez les bons prestataires<\/h4>\n<p style=\"text-align: center\">IT &amp; Cybersecurity Meetings s\u2019adresse aux professionnels des <strong>r\u00e9seaux, du cloud, de la mobilit\u00e9<\/strong> et de la <strong>cybers\u00e9curit\u00e9. <\/strong>Rencontrez les prestataires qui ont les solutions \u00e0 vos besoins !<\/p>\n<\/div>\n<\/div>\n<\/div> \r\n<div class=\"wyvc-button-wrapper wyvc-btn-center\">\r\n\t<a class=\"wyvc-button wyvc-shortcode\" href=\"https:\/\/salons.weyou-cms.com\/itsm\/top-decideurs\" title=\"Top D\u00e9cideurs\">\r\n\t\t<span class=\"wyvc-btn-text\">En savoir +<\/span>\r\n\t<\/a>\r\n<\/div>\r\n\t<\/div>\r\n<\/div>[\/vc_column][\/vc_row][\/vc_section][vc_section][vc_row][vc_column]<div id=\"wyvc-section-title-5246\" class=\"wyvc-section-title wyvc-shortcode wyvc-section-title-2 \">\r\n\t<div class=\"wyvc-st-inner\">\r\n\t\t\t\t\t<div class=\"wyvc-st-title\">\r\n\t\t\t\t<p style=\"text-align: center\">Concept<\/p>\n\t\t\t<\/div>\r\n\t\t\t\t\t<\/div>\r\n<\/div>\r\n[\/vc_column][\/vc_row][vc_row][vc_column width=\u00a0\u00bb1\/4&Prime;][vc_single_image image=\u00a0\u00bb2564&Prime; alignment=\u00a0\u00bbcenter\u00a0\u00bb][vc_column_text]<\/p>\n<h4 style=\"text-align: center\">Des d\u00e9cisionnaires avec des projets exprim\u00e9s<\/h4>\n<p>[\/vc_column_text][\/vc_column][vc_column width=\u00a0\u00bb1\/4&Prime;][vc_single_image image=\u00a0\u00bb2565&Prime; alignment=\u00a0\u00bbcenter\u00a0\u00bb][vc_column_text]<\/p>\n<h4 style=\"text-align: center\">rencontrent des experts avec des solutions<\/h4>\n<p>[\/vc_column_text][\/vc_column][vc_column width=\u00a0\u00bb1\/4&Prime;][vc_single_image image=\u00a0\u00bb2566&Prime; alignment=\u00a0\u00bbcenter\u00a0\u00bb][vc_column_text]<\/p>\n<h4 style=\"text-align: center\">lors de RDV pr\u00e9-organis\u00e9s et adapt\u00e9s<\/h4>\n<p>[\/vc_column_text][\/vc_column][vc_column width=\u00a0\u00bb1\/4&Prime;][vc_single_image image=\u00a0\u00bb2567&Prime; alignment=\u00a0\u00bbcenter\u00a0\u00bb][vc_column_text]<\/p>\n<h4 style=\"text-align: center\">durant trois jours \u00e0 Cannes<\/h4>\n<p>[\/vc_column_text][\/vc_column][\/vc_row][vc_row equal_height=\u00a0\u00bbyes\u00a0\u00bb content_placement=\u00a0\u00bbmiddle\u00a0\u00bb][vc_column width=\u00a0\u00bb1\/2&Prime; el_class=\u00a0\u00bbdropcap\u00a0\u00bb][vc_video link=\u00a0\u00bbhttps:\/\/youtu.be\/sGl7HFfcEF0&Prime; align=\u00a0\u00bbcenter\u00a0\u00bb][\/vc_column][vc_column width=\u00a0\u00bb1\/2&Prime;][vc_empty_space height=\u00a0\u00bb20px\u00a0\u00bb]<div class=\"wyvc-media-text-wrapper img-txt-btn\">\r\n\t<div class=\"wyvc-media-text wyvc-shortcode\">\r\n\t\t\t<div class=\"wyvc-text\"><div class=\"vc_row wpb_row vc_inner vc_row-fluid\">\n<div class=\"wpb_column vc_column_container vc_col-sm-12\">\n<div class=\"vc_column-inner\">\n<div class=\"wpb_wrapper\">\n<div class=\"wpb_text_column wpb_content_element \">\n<div class=\"wpb_wrapper\">\n<p style=\"text-align: center\"><strong>IT &amp; CYBERSECURITY MEETINGS<\/strong> le<span style=\"color: #808080\">\u00a0<strong>salon One to One meetings<\/strong><\/span> d\u00e9di\u00e9 aux professionnels dont l\u2019objectif est de favoriser le \u00ab face \u00e0 face \u00bb direct entre Top D\u00e9cideurs et Exposants par le biais de rendez-vous pr\u00e9-organis\u00e9s et ultra qualifi\u00e9s en amont de l\u2019\u00e9v\u00e9nement dans une ambiance d\u00e9contract\u00e9e et chaleureuse.<\/p>\n<\/div>\n<\/div>\n<\/div>\n<\/div>\n<\/div>\n<\/div>\n<\/div> \r\n<div class=\"wyvc-button-wrapper wyvc-btn-center\">\r\n\t<a class=\"wyvc-button wyvc-shortcode\" href=\"https:\/\/salons.weyou-cms.com\/itsm\/salon\" title=\"Concept\">\r\n\t\t<span class=\"wyvc-btn-text\">En savoir +<\/span>\r\n\t<\/a>\r\n<\/div>\r\n\t<\/div>\r\n<\/div>[\/vc_column][\/vc_row][\/vc_section][vc_section][vc_row][vc_column]<div id=\"wyvc-section-title-7360\" class=\"wyvc-section-title wyvc-shortcode wyvc-section-title-1 \">\r\n\t<div class=\"wyvc-st-inner\">\r\n\t\t\t\t\t<p class=\"wyvc-st-title\">\r\n\t\t\t\tInfos pratiques\t\t\t<\/p>\r\n\t\t\t\t\t<\/div>\r\n<\/div>\r\n<style type=\"text\/css\">#wyvc-section-title-7360.wyvc-section-title-1 .wyvc-st-title::before{content:'IT & CYBERSECURITY'}<\/style>\r\n[\/vc_column][\/vc_row][vc_row][vc_column width=\u00a0\u00bb1\/2&Prime;][vc_column_text]<\/p>\n<p style=\"text-align: center\"><strong>DATES <\/strong><\/p>\n<p style=\"text-align: center\"><strong>Mercredi 22 mars 2023<\/strong>\u00a0de 08h45 \u00e0 18h30<br \/>\n<strong>Jeudi 23 mars 2023<\/strong>\u00a0de 08h45 \u00e0 18h30<\/p>\n<p style=\"text-align: center\"><strong>LIEU <\/strong><\/p>\n<p style=\"text-align: center\"><strong>Palais des Congr\u00e8s et des Festivals de Cannes &#8211; Hall Riviera<\/strong><br \/>\nLa Croisette CS 30051<br \/>\n06414 Cannes Cedex \u2013 France<\/p>\n<p>[\/vc_column_text][\/vc_column][vc_column width=\u00a0\u00bb1\/2&Prime;][vc_gmaps link=\u00a0\u00bb#E-8_JTNDaWZyYW1lJTIwc3JjJTNEJTIyaHR0cHMlM0ElMkYlMkZ3d3cuZ29vZ2xlLmNvbSUyRm1hcHMlMkZlbWJlZCUzRnBiJTNEJTIxMW0xNCUyMTFtOCUyMTFtMyUyMTFkMTE1NjYuNzA2NjkxMzgxNjg3JTIxMmQ3LjAxNzk2MjIlMjEzZDQzLjU1MDc4MTMlMjEzbTIlMjExaTEwMjQlMjEyaTc2OCUyMTRmMTMuMSUyMTNtMyUyMTFtMiUyMTFzMHgwJTI1M0EweGFmYjk1NDY2NGJjY2MwNzklMjEyc1BhbGFpcyUyNTIwZGVzJTI1MjBGZXN0aXZhbHMlMjE1ZTAlMjEzbTIlMjExc2VuJTIxMnNmciUyMTR2MTYwMzkxNzMxODM5NiUyMTVtMiUyMTFzZW4lMjEyc2ZyJTIyJTIwd2lkdGglM0QlMjI2MDAlMjIlMjBoZWlnaHQlM0QlMjI0NTAlMjIlMjBmcmFtZWJvcmRlciUzRCUyMjAlMjIlMjBzdHlsZSUzRCUyMmJvcmRlciUzQTAlM0IlMjIlMjBhbGxvd2Z1bGxzY3JlZW4lM0QlMjIlMjIlMjBhcmlhLWhpZGRlbiUzRCUyMmZhbHNlJTIyJTIwdGFiaW5kZXglM0QlMjIwJTIyJTNFJTNDJTJGaWZyYW1lJTNF\u00a0\u00bb][\/vc_column][\/vc_row][\/vc_section]<\/p>\n<\/div>","protected":false},"excerpt":{"rendered":"<p>[vc_row full_width=\u00a0\u00bbstretch_row_content\u00a0\u00bb][vc_column][\/vc_column][\/vc_row][vc_row css=\u00a0\u00bb.vc_custom_1649059384213{margin-top: -180px !important;padding-top: -50px !important;background-color: #ffffff !important;}\u00a0\u00bb][vc_column][vc_column_text]?????\u00a0?????,\u00a0??\u00a0???????????\u00a0????\u00a0???\u00a0Palais des Festivals et des Congr\u00e8s de Cannes, launches \u00a0\u00bb\u00a0Blockchain Meetings Cannes\u00a0\u00a0\u00bb the trade show on blockchain (cryptocurrencies, NFT, DeFi) on November 21st, 22nd and 23rd, 2023 at the Palais des Festivals et des Congr\u00e8s of Cannes. This new event will offer an extensive programme of keynotes [&hellip;]<\/p>\n","protected":false},"author":1,"featured_media":0,"parent":0,"menu_order":0,"comment_status":"closed","ping_status":"closed","template":"","meta":{"footnotes":""},"class_list":["post-2","page","type-page","status-publish","hentry"],"yoast_head":"<!-- This site is optimized with the Yoast SEO plugin v26.9 - https:\/\/yoast.com\/product\/yoast-seo-wordpress\/ -->\n<title>Blockchain Meetings Cannes \u2013 21, 22 &amp; 23 mars 2023 - Cannes<\/title>\n<meta name=\"description\" content=\"IT &amp; Cybersecurity Meetings, le salon One to One meetings des r\u00e9seaux, du cloud, de la mobilit\u00e9 et de la cybers\u00e9curit\u00e9 revient les 21, 22 &amp; 23 mars 2023 \u00e0 Cannes ! - Un \u00e9v\u00e9nement Weyou Group\" \/>\n<meta name=\"robots\" content=\"noindex, follow, max-snippet:-1, max-image-preview:large, max-video-preview:-1\" \/>\n<meta property=\"og:locale\" content=\"fr_FR\" \/>\n<meta property=\"og:type\" content=\"article\" \/>\n<meta property=\"og:title\" content=\"Blockchain Meetings Cannes \u2013 21, 22 &amp; 23 mars 2023 - Cannes\" \/>\n<meta property=\"og:description\" content=\"IT &amp; Cybersecurity Meetings, le salon One to One meetings des r\u00e9seaux, du cloud, de la mobilit\u00e9 et de la cybers\u00e9curit\u00e9 revient les 21, 22 &amp; 23 mars 2023 \u00e0 Cannes ! - Un \u00e9v\u00e9nement Weyou Group\" \/>\n<meta property=\"og:url\" content=\"https:\/\/salons.weyou-cms.com\/bmc\" \/>\n<meta property=\"og:site_name\" content=\"Blockchain Meetings Cannes\" \/>\n<meta property=\"article:modified_time\" content=\"2022-04-21T14:27:12+00:00\" \/>\n<meta name=\"twitter:card\" content=\"summary_large_image\" \/>\n<meta name=\"twitter:label1\" content=\"Dur\u00e9e de lecture estim\u00e9e\" \/>\n\t<meta name=\"twitter:data1\" content=\"3 minutes\" \/>\n<script type=\"application\/ld+json\" class=\"yoast-schema-graph\">{\"@context\":\"https:\/\/schema.org\",\"@graph\":[{\"@type\":\"WebPage\",\"@id\":\"https:\/\/salons.weyou-cms.com\/bmc\",\"url\":\"https:\/\/salons.weyou-cms.com\/bmc\",\"name\":\"Blockchain Meetings Cannes \u2013 21, 22 & 23 mars 2023 - Cannes\",\"isPartOf\":{\"@id\":\"https:\/\/blockchain-meetings-cannes.com\/#website\"},\"datePublished\":\"2019-11-08T15:05:24+00:00\",\"dateModified\":\"2022-04-21T14:27:12+00:00\",\"description\":\"IT & Cybersecurity Meetings, le salon One to One meetings des r\u00e9seaux, du cloud, de la mobilit\u00e9 et de la cybers\u00e9curit\u00e9 revient les 21, 22 & 23 mars 2023 \u00e0 Cannes ! - Un \u00e9v\u00e9nement Weyou Group\",\"inLanguage\":\"fr-FR\",\"potentialAction\":[{\"@type\":\"ReadAction\",\"target\":[\"https:\/\/salons.weyou-cms.com\/bmc\"]}]},{\"@type\":\"WebSite\",\"@id\":\"https:\/\/blockchain-meetings-cannes.com\/#website\",\"url\":\"https:\/\/blockchain-meetings-cannes.com\/\",\"name\":\"Blockchain Meetings Cannes\",\"description\":\"\",\"publisher\":{\"@id\":\"https:\/\/blockchain-meetings-cannes.com\/#organization\"},\"potentialAction\":[{\"@type\":\"SearchAction\",\"target\":{\"@type\":\"EntryPoint\",\"urlTemplate\":\"https:\/\/blockchain-meetings-cannes.com\/?s={search_term_string}\"},\"query-input\":{\"@type\":\"PropertyValueSpecification\",\"valueRequired\":true,\"valueName\":\"search_term_string\"}}],\"inLanguage\":\"fr-FR\"},{\"@type\":\"Organization\",\"@id\":\"https:\/\/blockchain-meetings-cannes.com\/#organization\",\"name\":\"Blockchain Meetings Cannes\",\"url\":\"https:\/\/blockchain-meetings-cannes.com\/\",\"logo\":{\"@type\":\"ImageObject\",\"inLanguage\":\"fr-FR\",\"@id\":\"https:\/\/blockchain-meetings-cannes.com\/#\/schema\/logo\/image\/\",\"url\":\"https:\/\/weyoumediastaging.blob.core.windows.net\/bmc\/sites\/24\/2022\/04\/cropped-bmFichier-2.png\",\"contentUrl\":\"https:\/\/weyoumediastaging.blob.core.windows.net\/bmc\/sites\/24\/2022\/04\/cropped-bmFichier-2.png\",\"width\":577,\"height\":145,\"caption\":\"Blockchain Meetings Cannes\"},\"image\":{\"@id\":\"https:\/\/blockchain-meetings-cannes.com\/#\/schema\/logo\/image\/\"}}]}<\/script>\n<!-- \/ Yoast SEO plugin. -->","yoast_head_json":{"title":"Blockchain Meetings Cannes \u2013 21, 22 & 23 mars 2023 - Cannes","description":"IT & Cybersecurity Meetings, le salon One to One meetings des r\u00e9seaux, du cloud, de la mobilit\u00e9 et de la cybers\u00e9curit\u00e9 revient les 21, 22 & 23 mars 2023 \u00e0 Cannes ! - Un \u00e9v\u00e9nement Weyou Group","robots":{"index":"noindex","follow":"follow","max-snippet":"max-snippet:-1","max-image-preview":"max-image-preview:large","max-video-preview":"max-video-preview:-1"},"og_locale":"fr_FR","og_type":"article","og_title":"Blockchain Meetings Cannes \u2013 21, 22 & 23 mars 2023 - Cannes","og_description":"IT & Cybersecurity Meetings, le salon One to One meetings des r\u00e9seaux, du cloud, de la mobilit\u00e9 et de la cybers\u00e9curit\u00e9 revient les 21, 22 & 23 mars 2023 \u00e0 Cannes ! - Un \u00e9v\u00e9nement Weyou Group","og_url":"https:\/\/salons.weyou-cms.com\/bmc","og_site_name":"Blockchain Meetings Cannes","article_modified_time":"2022-04-21T14:27:12+00:00","twitter_card":"summary_large_image","twitter_misc":{"Dur\u00e9e de lecture estim\u00e9e":"3 minutes"},"schema":{"@context":"https:\/\/schema.org","@graph":[{"@type":"WebPage","@id":"https:\/\/salons.weyou-cms.com\/bmc","url":"https:\/\/salons.weyou-cms.com\/bmc","name":"Blockchain Meetings Cannes \u2013 21, 22 & 23 mars 2023 - Cannes","isPartOf":{"@id":"https:\/\/blockchain-meetings-cannes.com\/#website"},"datePublished":"2019-11-08T15:05:24+00:00","dateModified":"2022-04-21T14:27:12+00:00","description":"IT & Cybersecurity Meetings, le salon One to One meetings des r\u00e9seaux, du cloud, de la mobilit\u00e9 et de la cybers\u00e9curit\u00e9 revient les 21, 22 & 23 mars 2023 \u00e0 Cannes ! - Un \u00e9v\u00e9nement Weyou Group","inLanguage":"fr-FR","potentialAction":[{"@type":"ReadAction","target":["https:\/\/salons.weyou-cms.com\/bmc"]}]},{"@type":"WebSite","@id":"https:\/\/blockchain-meetings-cannes.com\/#website","url":"https:\/\/blockchain-meetings-cannes.com\/","name":"Blockchain Meetings Cannes","description":"","publisher":{"@id":"https:\/\/blockchain-meetings-cannes.com\/#organization"},"potentialAction":[{"@type":"SearchAction","target":{"@type":"EntryPoint","urlTemplate":"https:\/\/blockchain-meetings-cannes.com\/?s={search_term_string}"},"query-input":{"@type":"PropertyValueSpecification","valueRequired":true,"valueName":"search_term_string"}}],"inLanguage":"fr-FR"},{"@type":"Organization","@id":"https:\/\/blockchain-meetings-cannes.com\/#organization","name":"Blockchain Meetings Cannes","url":"https:\/\/blockchain-meetings-cannes.com\/","logo":{"@type":"ImageObject","inLanguage":"fr-FR","@id":"https:\/\/blockchain-meetings-cannes.com\/#\/schema\/logo\/image\/","url":"https:\/\/weyoumediastaging.blob.core.windows.net\/bmc\/sites\/24\/2022\/04\/cropped-bmFichier-2.png","contentUrl":"https:\/\/weyoumediastaging.blob.core.windows.net\/bmc\/sites\/24\/2022\/04\/cropped-bmFichier-2.png","width":577,"height":145,"caption":"Blockchain Meetings Cannes"},"image":{"@id":"https:\/\/blockchain-meetings-cannes.com\/#\/schema\/logo\/image\/"}}]}},"_links":{"self":[{"href":"https:\/\/salons.weyou-cms.com\/bmc\/wp-json\/wp\/v2\/pages\/2","targetHints":{"allow":["GET"]}}],"collection":[{"href":"https:\/\/salons.weyou-cms.com\/bmc\/wp-json\/wp\/v2\/pages"}],"about":[{"href":"https:\/\/salons.weyou-cms.com\/bmc\/wp-json\/wp\/v2\/types\/page"}],"author":[{"embeddable":true,"href":"https:\/\/salons.weyou-cms.com\/bmc\/wp-json\/wp\/v2\/users\/1"}],"replies":[{"embeddable":true,"href":"https:\/\/salons.weyou-cms.com\/bmc\/wp-json\/wp\/v2\/comments?post=2"}],"version-history":[{"count":3,"href":"https:\/\/salons.weyou-cms.com\/bmc\/wp-json\/wp\/v2\/pages\/2\/revisions"}],"predecessor-version":[{"id":3412,"href":"https:\/\/salons.weyou-cms.com\/bmc\/wp-json\/wp\/v2\/pages\/2\/revisions\/3412"}],"wp:attachment":[{"href":"https:\/\/salons.weyou-cms.com\/bmc\/wp-json\/wp\/v2\/media?parent=2"}],"curies":[{"name":"wp","href":"https:\/\/api.w.org\/{rel}","templated":true}]}}