{"id":2153,"date":"2021-06-02T19:13:40","date_gmt":"2021-06-02T17:13:40","guid":{"rendered":"https:\/\/salons.weyou-cms.com\/itsm?page_id=2153"},"modified":"2022-03-17T14:52:37","modified_gmt":"2022-03-17T13:52:37","slug":"regles-sanitaires","status":"publish","type":"page","link":"https:\/\/salons.weyou-cms.com\/bmc\/regles-sanitaires","title":{"rendered":"R\u00e8gles sanitaires"},"content":{"rendered":"<div class=\"wpb-content-wrapper\"><p>[vc_row][vc_column]\n\t\t\t<!-- START Banni\u00e8re pages REVOLUTION SLIDER 6.6.7 --><p class=\"rs-p-wp-fix\"><\/p>\n\t\t\t<rs-module-wrap id=\"rev_slider_40_1_wrapper\" data-source=\"post\" style=\"visibility:hidden;background:#acacac;padding:0;margin:0px auto;margin-top:0;margin-bottom:0;\">\n\t\t\t\t<rs-module id=\"rev_slider_40_1\" style=\"\" data-version=\"6.6.7\">\n\t\t\t\t\t<rs-slides style=\"overflow: hidden; position: absolute;\">\n\t\t\t\t\t\t<rs-slide style=\"position: absolute;\" data-key=\"rs-2153\" data-title=\"R\u00e8gles sanitaires\" data-anim=\"ms:1000;r:0;\" data-in=\"o:0;\" data-out=\"a:false;\">\n\t\t\t\t\t\t\t<img decoding=\"async\" src=\"\/\/salons.weyou-cms.com\/bmc\/wp-content\/plugins\/revslider\/public\/assets\/assets\/dummy.png\" alt=\"\" title=\"ITCM_bandeau-rubriques-1920&#215;300-2022\" width=\"1920\" height=\"300\" class=\"rev-slidebg tp-rs-img rs-lazyload\" data-lazyload=\"\/\/weyoumedia.blob.core.windows.net\/itsm\/sites\/17\/2022\/04\/ITCM_bandeau-rubriques-1920x300-2022.jpg\" data-bg=\"p:40% 50%;\" data-no-retina>\n<!--\n\t\t\t\t\t\t\t--><rs-layer\n\t\t\t\t\t\t\t\tid=\"slider-40-slide-2153-layer-1\" \n\t\t\t\t\t\t\t\tdata-type=\"text\"\n\t\t\t\t\t\t\t\tdata-xy=\"x:r,r,r,l;xo:974px,520px,370px,17px;y:m;yo:-2px,0,0,0;\"\n\t\t\t\t\t\t\t\tdata-text=\"w:normal;s:60,50,50,50;l:60,53,53,53;fw:500;a:center,center,center,left;\"\n\t\t\t\t\t\t\t\tdata-dim=\"w:45%,45%,50%,90%;h:auto,auto,auto,47px;\"\n\t\t\t\t\t\t\t\tdata-frame_999=\"o:0;st:w;\"\n\t\t\t\t\t\t\t\tstyle=\"z-index:8;font-family:'Roboto';text-transform:uppercase;\"\n\t\t\t\t\t\t\t><H1>R\u00e8gles sanitaires<\/h1> \n\t\t\t\t\t\t\t<\/rs-layer><!--\n\n\t\t\t\t\t\t\t--><rs-layer\n\t\t\t\t\t\t\t\tid=\"slider-40-slide-2153-layer-3\" \n\t\t\t\t\t\t\t\tdata-type=\"text\"\n\t\t\t\t\t\t\t\tdata-xy=\"x:r,r,r,l;xo:1117px,520px,370px,17px;y:m;yo:48px,43px,50px,50px;\"\n\t\t\t\t\t\t\t\tdata-text=\"w:normal;s:19,20,15,20;l:30,30,30,36;a:center,center,center,left;\"\n\t\t\t\t\t\t\t\tdata-dim=\"w:45%,45%,50%,90%;h:auto,auto,auto,39px;\"\n\t\t\t\t\t\t\t\tdata-frame_999=\"o:0;st:w;\"\n\t\t\t\t\t\t\t\tstyle=\"z-index:8;font-family:'Roboto';\"\n\t\t\t\t\t\t\t> \n\t\t\t\t\t\t\t<\/rs-layer><!--\n-->\t\t\t\t\t\t<\/rs-slide>\n\t\t\t\t\t<\/rs-slides>\n\t\t\t\t\t<rs-static-layers><!--\n\t\t\t\t\t--><\/rs-static-layers>\n\t\t\t\t<\/rs-module>\n\t\t\t\t<script>\n\t\t\t\t\tsetREVStartSize({c: 'rev_slider_40_1',rl:[1240,1024,778,480],el:[300,200,200,280],gw:[1650,1024,778,480],gh:[300,200,200,280],type:'hero',justify:'',layout:'fullwidth',mh:\"450\"});if (window.RS_MODULES!==undefined && window.RS_MODULES.modules!==undefined && window.RS_MODULES.modules[\"revslider401\"]!==undefined) {window.RS_MODULES.modules[\"revslider401\"].once = false;window.revapi40 = undefined;if (window.RS_MODULES.checkMinimal!==undefined) window.RS_MODULES.checkMinimal()}\n\t\t\t\t<\/script>\n\t\t\t<\/rs-module-wrap>\n\t\t\t<!-- END REVOLUTION SLIDER -->\n[\/vc_column][\/vc_row][vc_row][vc_column css=\u00a0\u00bb.vc_custom_1622652515206{margin-top: -20px !important;}\u00a0\u00bb]<div id=\"wyvc-section-title-1473\" class=\"wyvc-section-title wyvc-shortcode wyvc-section-title-2 \">\r\n\t<div class=\"wyvc-st-inner\">\r\n\t\t\t\t\t<div class=\"wyvc-st-title\">\r\n\t\t\t\t<h4>RECOMMANDATIONS SANITAIRES<\/h4>\n\t\t\t<\/div>\r\n\t\t\t\t\t<\/div>\r\n<\/div>\r\n[\/vc_column][\/vc_row][vc_row][vc_column css=\u00a0\u00bb.vc_custom_1622652515206{margin-top: -20px !important;}\u00a0\u00bb][vc_row_inner][vc_column_inner width=\u00a0\u00bb1\/4&Prime;][vc_single_image image=\u00a0\u00bb3297&Prime; img_size=\u00a0\u00bbthumbnail\u00a0\u00bb alignment=\u00a0\u00bbcenter\u00a0\u00bb][\/vc_column_inner][vc_column_inner width=\u00a0\u00bb1\/4&Prime;][vc_single_image image=\u00a0\u00bb3298&Prime; img_size=\u00a0\u00bbthumbnail\u00a0\u00bb alignment=\u00a0\u00bbcenter\u00a0\u00bb][\/vc_column_inner][vc_column_inner width=\u00a0\u00bb1\/4&Prime;][vc_single_image image=\u00a0\u00bb3299&Prime; img_size=\u00a0\u00bbthumbnail\u00a0\u00bb alignment=\u00a0\u00bbcenter\u00a0\u00bb][\/vc_column_inner][vc_column_inner width=\u00a0\u00bb1\/4&Prime;][vc_single_image image=\u00a0\u00bb3300&Prime; img_size=\u00a0\u00bbthumbnail\u00a0\u00bb alignment=\u00a0\u00bbcenter\u00a0\u00bb][\/vc_column_inner][\/vc_row_inner][\/vc_column][\/vc_row][vc_row][vc_column css=\u00a0\u00bb.vc_custom_1622652515206{margin-top: -20px !important;}\u00a0\u00bb][vc_column_text]<\/p>\n<p style=\"text-align: center\">Ces mesures peuvent \u00e9voluer en fonction des d\u00e9cisions gouvernementales et pr\u00e9fectorales.<\/p>\n<p style=\"text-align: center\">Rendez-vous sur <a href=\"https:\/\/www.weyou-group.com\/regles-sanitaires\/\">https:\/\/www.weyou-group.com\/regles-sanitaires<\/a><\/p>\n<p>[\/vc_column_text][\/vc_column][\/vc_row][vc_row disable_element=\u00a0\u00bbyes\u00a0\u00bb][vc_column][vc_column_text]<\/p>\n<p>Tout est mis en \u0153uvre pour vous permettre de profiter au maximum de l&rsquo;\u00e9v\u00e9nement dans des conditions de s\u00e9curit\u00e9 optimales.<\/p>\n<p>L&rsquo;ensemble de nos mesures sanitaires sont \u00e9dict\u00e9es selon <strong>les informations gouvernementales<\/strong> et <strong>l\u2019Union Fran\u00e7aise des M\u00e9tiers de l\u2019\u00c9v\u00e9nement (UNIMEV).<\/strong><br \/>\nCes derni\u00e8res seront r\u00e9guli\u00e8rement contr\u00f4l\u00e9es et actualis\u00e9es en fonction des directives gouvernementales et pr\u00e9fectorales<\/p>\n<p>[\/vc_column_text][vc_empty_space][vc_row_inner][vc_column_inner width=\u00a0\u00bb1\/2&Prime;]<div class=\"wyvc-button-wrapper wyvc-btn-center\">\r\n\t<a class=\"wyvc-button wyvc-shortcode \" >\r\n\t\t<span class=\"wyvc-btn-text\">CONSULTER LE SITE DU GOUVERNEMENT<\/span>\r\n\t<\/a>\r\n<\/div>[\/vc_column_inner][vc_column_inner width=\u00a0\u00bb1\/2&Prime;]<div class=\"wyvc-button-wrapper wyvc-btn-center\">\r\n\t<a class=\"wyvc-button wyvc-shortcode \" >\r\n\t\t<span class=\"wyvc-btn-text\">CONSULTER LE SITE DE L&#039;UNIMEV<\/span>\r\n\t<\/a>\r\n<\/div>[\/vc_column_inner][\/vc_row_inner][\/vc_column][\/vc_row]<\/p>\n<\/div>","protected":false},"excerpt":{"rendered":"<p>[vc_row][vc_column][\/vc_column][\/vc_row][vc_row][vc_column css=\u00a0\u00bb.vc_custom_1622652515206{margin-top: -20px !important;}\u00a0\u00bb][\/vc_column][\/vc_row][vc_row][vc_column css=\u00a0\u00bb.vc_custom_1622652515206{margin-top: -20px !important;}\u00a0\u00bb][vc_row_inner][vc_column_inner width=\u00a0\u00bb1\/4&Prime;][vc_single_image image=\u00a0\u00bb3297&Prime; img_size=\u00a0\u00bbthumbnail\u00a0\u00bb alignment=\u00a0\u00bbcenter\u00a0\u00bb][\/vc_column_inner][vc_column_inner width=\u00a0\u00bb1\/4&Prime;][vc_single_image image=\u00a0\u00bb3298&Prime; img_size=\u00a0\u00bbthumbnail\u00a0\u00bb alignment=\u00a0\u00bbcenter\u00a0\u00bb][\/vc_column_inner][vc_column_inner width=\u00a0\u00bb1\/4&Prime;][vc_single_image image=\u00a0\u00bb3299&Prime; img_size=\u00a0\u00bbthumbnail\u00a0\u00bb alignment=\u00a0\u00bbcenter\u00a0\u00bb][\/vc_column_inner][vc_column_inner width=\u00a0\u00bb1\/4&Prime;][vc_single_image image=\u00a0\u00bb3300&Prime; img_size=\u00a0\u00bbthumbnail\u00a0\u00bb alignment=\u00a0\u00bbcenter\u00a0\u00bb][\/vc_column_inner][\/vc_row_inner][\/vc_column][\/vc_row][vc_row][vc_column css=\u00a0\u00bb.vc_custom_1622652515206{margin-top: -20px !important;}\u00a0\u00bb][vc_column_text] Ces mesures peuvent \u00e9voluer en fonction des d\u00e9cisions gouvernementales et pr\u00e9fectorales. Rendez-vous sur https:\/\/www.weyou-group.com\/regles-sanitaires [\/vc_column_text][\/vc_column][\/vc_row][vc_row disable_element=\u00a0\u00bbyes\u00a0\u00bb][vc_column][vc_column_text] Tout est mis en \u0153uvre pour vous permettre de profiter au maximum de [&hellip;]<\/p>\n","protected":false},"author":15,"featured_media":0,"parent":0,"menu_order":0,"comment_status":"closed","ping_status":"closed","template":"","meta":{"footnotes":""},"class_list":["post-2153","page","type-page","status-publish","hentry"],"yoast_head":"<!-- This site is optimized with the Yoast SEO plugin v26.9 - https:\/\/yoast.com\/product\/yoast-seo-wordpress\/ -->\n<title>R\u00e8gles sanitaires - Blockchain Meetings Cannes<\/title>\n<meta name=\"robots\" content=\"noindex, follow, max-snippet:-1, max-image-preview:large, max-video-preview:-1\" \/>\n<meta property=\"og:locale\" content=\"fr_FR\" \/>\n<meta property=\"og:type\" content=\"article\" \/>\n<meta property=\"og:title\" content=\"R\u00e8gles sanitaires - Blockchain Meetings Cannes\" \/>\n<meta property=\"og:description\" content=\"[vc_row][vc_column][\/vc_column][\/vc_row][vc_row][vc_column css=\u00a0\u00bb.vc_custom_1622652515206{margin-top: -20px !important;}\u00a0\u00bb][\/vc_column][\/vc_row][vc_row][vc_column css=\u00a0\u00bb.vc_custom_1622652515206{margin-top: -20px !important;}\u00a0\u00bb][vc_row_inner][vc_column_inner width=\u00a0\u00bb1\/4&Prime;][vc_single_image image=\u00a0\u00bb3297&Prime; img_size=\u00a0\u00bbthumbnail\u00a0\u00bb alignment=\u00a0\u00bbcenter\u00a0\u00bb][\/vc_column_inner][vc_column_inner width=\u00a0\u00bb1\/4&Prime;][vc_single_image image=\u00a0\u00bb3298&Prime; img_size=\u00a0\u00bbthumbnail\u00a0\u00bb alignment=\u00a0\u00bbcenter\u00a0\u00bb][\/vc_column_inner][vc_column_inner width=\u00a0\u00bb1\/4&Prime;][vc_single_image image=\u00a0\u00bb3299&Prime; img_size=\u00a0\u00bbthumbnail\u00a0\u00bb alignment=\u00a0\u00bbcenter\u00a0\u00bb][\/vc_column_inner][vc_column_inner width=\u00a0\u00bb1\/4&Prime;][vc_single_image image=\u00a0\u00bb3300&Prime; img_size=\u00a0\u00bbthumbnail\u00a0\u00bb alignment=\u00a0\u00bbcenter\u00a0\u00bb][\/vc_column_inner][\/vc_row_inner][\/vc_column][\/vc_row][vc_row][vc_column css=\u00a0\u00bb.vc_custom_1622652515206{margin-top: -20px !important;}\u00a0\u00bb][vc_column_text] Ces mesures peuvent \u00e9voluer en fonction des d\u00e9cisions gouvernementales et pr\u00e9fectorales. Rendez-vous sur https:\/\/www.weyou-group.com\/regles-sanitaires [\/vc_column_text][\/vc_column][\/vc_row][vc_row disable_element=\u00a0\u00bbyes\u00a0\u00bb][vc_column][vc_column_text] Tout est mis en \u0153uvre pour vous permettre de profiter au maximum de [&hellip;]\" \/>\n<meta property=\"og:url\" content=\"https:\/\/salons.weyou-cms.com\/bmc\/regles-sanitaires\" \/>\n<meta property=\"og:site_name\" content=\"Blockchain Meetings Cannes\" \/>\n<meta property=\"article:modified_time\" content=\"2022-03-17T13:52:37+00:00\" \/>\n<meta name=\"twitter:card\" content=\"summary_large_image\" \/>\n<meta name=\"twitter:label1\" content=\"Dur\u00e9e de lecture estim\u00e9e\" \/>\n\t<meta name=\"twitter:data1\" content=\"1 minute\" \/>\n<script type=\"application\/ld+json\" class=\"yoast-schema-graph\">{\"@context\":\"https:\/\/schema.org\",\"@graph\":[{\"@type\":\"WebPage\",\"@id\":\"https:\/\/salons.weyou-cms.com\/bmc\/regles-sanitaires\",\"url\":\"https:\/\/salons.weyou-cms.com\/bmc\/regles-sanitaires\",\"name\":\"R\u00e8gles sanitaires - Blockchain Meetings Cannes\",\"isPartOf\":{\"@id\":\"https:\/\/blockchain-meetings-cannes.com\/#website\"},\"datePublished\":\"2021-06-02T17:13:40+00:00\",\"dateModified\":\"2022-03-17T13:52:37+00:00\",\"inLanguage\":\"fr-FR\",\"potentialAction\":[{\"@type\":\"ReadAction\",\"target\":[\"https:\/\/salons.weyou-cms.com\/bmc\/regles-sanitaires\"]}]},{\"@type\":\"WebSite\",\"@id\":\"https:\/\/blockchain-meetings-cannes.com\/#website\",\"url\":\"https:\/\/blockchain-meetings-cannes.com\/\",\"name\":\"Blockchain Meetings Cannes\",\"description\":\"\",\"publisher\":{\"@id\":\"https:\/\/blockchain-meetings-cannes.com\/#organization\"},\"potentialAction\":[{\"@type\":\"SearchAction\",\"target\":{\"@type\":\"EntryPoint\",\"urlTemplate\":\"https:\/\/blockchain-meetings-cannes.com\/?s={search_term_string}\"},\"query-input\":{\"@type\":\"PropertyValueSpecification\",\"valueRequired\":true,\"valueName\":\"search_term_string\"}}],\"inLanguage\":\"fr-FR\"},{\"@type\":\"Organization\",\"@id\":\"https:\/\/blockchain-meetings-cannes.com\/#organization\",\"name\":\"Blockchain Meetings Cannes\",\"url\":\"https:\/\/blockchain-meetings-cannes.com\/\",\"logo\":{\"@type\":\"ImageObject\",\"inLanguage\":\"fr-FR\",\"@id\":\"https:\/\/blockchain-meetings-cannes.com\/#\/schema\/logo\/image\/\",\"url\":\"https:\/\/weyoumediastaging.blob.core.windows.net\/bmc\/sites\/24\/2022\/04\/cropped-bmFichier-2.png\",\"contentUrl\":\"https:\/\/weyoumediastaging.blob.core.windows.net\/bmc\/sites\/24\/2022\/04\/cropped-bmFichier-2.png\",\"width\":577,\"height\":145,\"caption\":\"Blockchain Meetings Cannes\"},\"image\":{\"@id\":\"https:\/\/blockchain-meetings-cannes.com\/#\/schema\/logo\/image\/\"}}]}<\/script>\n<!-- \/ Yoast SEO plugin. -->","yoast_head_json":{"title":"R\u00e8gles sanitaires - Blockchain Meetings Cannes","robots":{"index":"noindex","follow":"follow","max-snippet":"max-snippet:-1","max-image-preview":"max-image-preview:large","max-video-preview":"max-video-preview:-1"},"og_locale":"fr_FR","og_type":"article","og_title":"R\u00e8gles sanitaires - Blockchain Meetings Cannes","og_description":"[vc_row][vc_column][\/vc_column][\/vc_row][vc_row][vc_column css=\u00a0\u00bb.vc_custom_1622652515206{margin-top: -20px !important;}\u00a0\u00bb][\/vc_column][\/vc_row][vc_row][vc_column css=\u00a0\u00bb.vc_custom_1622652515206{margin-top: -20px !important;}\u00a0\u00bb][vc_row_inner][vc_column_inner width=\u00a0\u00bb1\/4&Prime;][vc_single_image image=\u00a0\u00bb3297&Prime; img_size=\u00a0\u00bbthumbnail\u00a0\u00bb alignment=\u00a0\u00bbcenter\u00a0\u00bb][\/vc_column_inner][vc_column_inner width=\u00a0\u00bb1\/4&Prime;][vc_single_image image=\u00a0\u00bb3298&Prime; img_size=\u00a0\u00bbthumbnail\u00a0\u00bb alignment=\u00a0\u00bbcenter\u00a0\u00bb][\/vc_column_inner][vc_column_inner width=\u00a0\u00bb1\/4&Prime;][vc_single_image image=\u00a0\u00bb3299&Prime; img_size=\u00a0\u00bbthumbnail\u00a0\u00bb alignment=\u00a0\u00bbcenter\u00a0\u00bb][\/vc_column_inner][vc_column_inner width=\u00a0\u00bb1\/4&Prime;][vc_single_image image=\u00a0\u00bb3300&Prime; img_size=\u00a0\u00bbthumbnail\u00a0\u00bb alignment=\u00a0\u00bbcenter\u00a0\u00bb][\/vc_column_inner][\/vc_row_inner][\/vc_column][\/vc_row][vc_row][vc_column css=\u00a0\u00bb.vc_custom_1622652515206{margin-top: -20px !important;}\u00a0\u00bb][vc_column_text] Ces mesures peuvent \u00e9voluer en fonction des d\u00e9cisions gouvernementales et pr\u00e9fectorales. Rendez-vous sur https:\/\/www.weyou-group.com\/regles-sanitaires [\/vc_column_text][\/vc_column][\/vc_row][vc_row disable_element=\u00a0\u00bbyes\u00a0\u00bb][vc_column][vc_column_text] Tout est mis en \u0153uvre pour vous permettre de profiter au maximum de [&hellip;]","og_url":"https:\/\/salons.weyou-cms.com\/bmc\/regles-sanitaires","og_site_name":"Blockchain Meetings Cannes","article_modified_time":"2022-03-17T13:52:37+00:00","twitter_card":"summary_large_image","twitter_misc":{"Dur\u00e9e de lecture estim\u00e9e":"1 minute"},"schema":{"@context":"https:\/\/schema.org","@graph":[{"@type":"WebPage","@id":"https:\/\/salons.weyou-cms.com\/bmc\/regles-sanitaires","url":"https:\/\/salons.weyou-cms.com\/bmc\/regles-sanitaires","name":"R\u00e8gles sanitaires - Blockchain Meetings Cannes","isPartOf":{"@id":"https:\/\/blockchain-meetings-cannes.com\/#website"},"datePublished":"2021-06-02T17:13:40+00:00","dateModified":"2022-03-17T13:52:37+00:00","inLanguage":"fr-FR","potentialAction":[{"@type":"ReadAction","target":["https:\/\/salons.weyou-cms.com\/bmc\/regles-sanitaires"]}]},{"@type":"WebSite","@id":"https:\/\/blockchain-meetings-cannes.com\/#website","url":"https:\/\/blockchain-meetings-cannes.com\/","name":"Blockchain Meetings Cannes","description":"","publisher":{"@id":"https:\/\/blockchain-meetings-cannes.com\/#organization"},"potentialAction":[{"@type":"SearchAction","target":{"@type":"EntryPoint","urlTemplate":"https:\/\/blockchain-meetings-cannes.com\/?s={search_term_string}"},"query-input":{"@type":"PropertyValueSpecification","valueRequired":true,"valueName":"search_term_string"}}],"inLanguage":"fr-FR"},{"@type":"Organization","@id":"https:\/\/blockchain-meetings-cannes.com\/#organization","name":"Blockchain Meetings Cannes","url":"https:\/\/blockchain-meetings-cannes.com\/","logo":{"@type":"ImageObject","inLanguage":"fr-FR","@id":"https:\/\/blockchain-meetings-cannes.com\/#\/schema\/logo\/image\/","url":"https:\/\/weyoumediastaging.blob.core.windows.net\/bmc\/sites\/24\/2022\/04\/cropped-bmFichier-2.png","contentUrl":"https:\/\/weyoumediastaging.blob.core.windows.net\/bmc\/sites\/24\/2022\/04\/cropped-bmFichier-2.png","width":577,"height":145,"caption":"Blockchain Meetings Cannes"},"image":{"@id":"https:\/\/blockchain-meetings-cannes.com\/#\/schema\/logo\/image\/"}}]}},"_links":{"self":[{"href":"https:\/\/salons.weyou-cms.com\/bmc\/wp-json\/wp\/v2\/pages\/2153","targetHints":{"allow":["GET"]}}],"collection":[{"href":"https:\/\/salons.weyou-cms.com\/bmc\/wp-json\/wp\/v2\/pages"}],"about":[{"href":"https:\/\/salons.weyou-cms.com\/bmc\/wp-json\/wp\/v2\/types\/page"}],"author":[{"embeddable":true,"href":"https:\/\/salons.weyou-cms.com\/bmc\/wp-json\/wp\/v2\/users\/15"}],"replies":[{"embeddable":true,"href":"https:\/\/salons.weyou-cms.com\/bmc\/wp-json\/wp\/v2\/comments?post=2153"}],"version-history":[{"count":0,"href":"https:\/\/salons.weyou-cms.com\/bmc\/wp-json\/wp\/v2\/pages\/2153\/revisions"}],"wp:attachment":[{"href":"https:\/\/salons.weyou-cms.com\/bmc\/wp-json\/wp\/v2\/media?parent=2153"}],"curies":[{"name":"wp","href":"https:\/\/api.w.org\/{rel}","templated":true}]}}